{"id":459,"date":"2024-09-03T19:04:53","date_gmt":"2024-09-03T19:04:53","guid":{"rendered":"https:\/\/www.mirhasperu.org\/web\/?page_id=459"},"modified":"2024-09-23T17:03:03","modified_gmt":"2024-09-23T17:03:03","slug":"consultorias","status":"publish","type":"page","link":"https:\/\/www.mirhasperu.org\/web\/?page_id=459","title":{"rendered":"Consultorias"},"content":{"rendered":"\t\t<div data-elementor-type=\"wp-page\" data-elementor-id=\"459\" class=\"elementor elementor-459\">\n\t\t\t\t<div class=\"elementor-element elementor-element-79a48cfd e-con-full e-flex e-con e-parent\" data-id=\"79a48cfd\" data-element_type=\"container\" data-e-type=\"container\" data-settings=\"{&quot;background_background&quot;:&quot;slideshow&quot;,&quot;background_slideshow_gallery&quot;:[{&quot;id&quot;:58,&quot;url&quot;:&quot;https:\\\/\\\/www.mirhasperu.org\\\/web\\\/wp-content\\\/uploads\\\/2024\\\/08\\\/portada6.jpg&quot;},{&quot;id&quot;:57,&quot;url&quot;:&quot;https:\\\/\\\/www.mirhasperu.org\\\/web\\\/wp-content\\\/uploads\\\/2024\\\/08\\\/portada5.jpg&quot;},{&quot;id&quot;:55,&quot;url&quot;:&quot;https:\\\/\\\/www.mirhasperu.org\\\/web\\\/wp-content\\\/uploads\\\/2024\\\/08\\\/portada1.jpg&quot;},{&quot;id&quot;:51,&quot;url&quot;:&quot;https:\\\/\\\/www.mirhasperu.org\\\/web\\\/wp-content\\\/uploads\\\/2024\\\/08\\\/IMG_5716.jpg&quot;},{&quot;id&quot;:53,&quot;url&quot;:&quot;https:\\\/\\\/www.mirhasperu.org\\\/web\\\/wp-content\\\/uploads\\\/2024\\\/08\\\/monteazul.png&quot;},{&quot;id&quot;:54,&quot;url&quot;:&quot;https:\\\/\\\/www.mirhasperu.org\\\/web\\\/wp-content\\\/uploads\\\/2024\\\/08\\\/portada.png&quot;},{&quot;id&quot;:49,&quot;url&quot;:&quot;https:\\\/\\\/www.mirhasperu.org\\\/web\\\/wp-content\\\/uploads\\\/2024\\\/08\\\/Fotos-pagina-portada.png&quot;},{&quot;id&quot;:48,&quot;url&quot;:&quot;https:\\\/\\\/www.mirhasperu.org\\\/web\\\/wp-content\\\/uploads\\\/2024\\\/08\\\/cocina.png&quot;},{&quot;id&quot;:47,&quot;url&quot;:&quot;https:\\\/\\\/www.mirhasperu.org\\\/web\\\/wp-content\\\/uploads\\\/2024\\\/08\\\/20190520_123746.jpg&quot;},{&quot;id&quot;:933,&quot;url&quot;:&quot;https:\\\/\\\/www.mirhasperu.org\\\/web\\\/wp-content\\\/uploads\\\/2024\\\/09\\\/Imagen01-1280-600.jpg&quot;},{&quot;id&quot;:934,&quot;url&quot;:&quot;https:\\\/\\\/www.mirhasperu.org\\\/web\\\/wp-content\\\/uploads\\\/2024\\\/09\\\/Imagen02-1280-600.jpg&quot;},{&quot;id&quot;:935,&quot;url&quot;:&quot;https:\\\/\\\/www.mirhasperu.org\\\/web\\\/wp-content\\\/uploads\\\/2024\\\/09\\\/Imagen03-1280-600.jpg&quot;},{&quot;id&quot;:936,&quot;url&quot;:&quot;https:\\\/\\\/www.mirhasperu.org\\\/web\\\/wp-content\\\/uploads\\\/2024\\\/09\\\/Imagen04-1280-600.jpg&quot;},{&quot;id&quot;:937,&quot;url&quot;:&quot;https:\\\/\\\/www.mirhasperu.org\\\/web\\\/wp-content\\\/uploads\\\/2024\\\/09\\\/Imagen05-1280-600.jpg&quot;},{&quot;id&quot;:938,&quot;url&quot;:&quot;https:\\\/\\\/www.mirhasperu.org\\\/web\\\/wp-content\\\/uploads\\\/2024\\\/09\\\/Imagen06-1280-600.jpg&quot;},{&quot;id&quot;:939,&quot;url&quot;:&quot;https:\\\/\\\/www.mirhasperu.org\\\/web\\\/wp-content\\\/uploads\\\/2024\\\/09\\\/Imagen07-1280-600.jpg&quot;},{&quot;id&quot;:940,&quot;url&quot;:&quot;https:\\\/\\\/www.mirhasperu.org\\\/web\\\/wp-content\\\/uploads\\\/2024\\\/09\\\/Imagen08-1280-600.jpg&quot;},{&quot;id&quot;:941,&quot;url&quot;:&quot;https:\\\/\\\/www.mirhasperu.org\\\/web\\\/wp-content\\\/uploads\\\/2024\\\/09\\\/Imagen09-1280-600.jpg&quot;},{&quot;id&quot;:942,&quot;url&quot;:&quot;https:\\\/\\\/www.mirhasperu.org\\\/web\\\/wp-content\\\/uploads\\\/2024\\\/09\\\/Imagen10-1280-600.jpg&quot;},{&quot;id&quot;:943,&quot;url&quot;:&quot;https:\\\/\\\/www.mirhasperu.org\\\/web\\\/wp-content\\\/uploads\\\/2024\\\/09\\\/Imagen11-1280-600.jpg&quot;},{&quot;id&quot;:944,&quot;url&quot;:&quot;https:\\\/\\\/www.mirhasperu.org\\\/web\\\/wp-content\\\/uploads\\\/2024\\\/09\\\/Imagen12-1280-600.jpg&quot;},{&quot;id&quot;:945,&quot;url&quot;:&quot;https:\\\/\\\/www.mirhasperu.org\\\/web\\\/wp-content\\\/uploads\\\/2024\\\/09\\\/Imagen13-1280-600.jpg&quot;},{&quot;id&quot;:946,&quot;url&quot;:&quot;https:\\\/\\\/www.mirhasperu.org\\\/web\\\/wp-content\\\/uploads\\\/2024\\\/09\\\/Imagen14-1280-600.jpg&quot;},{&quot;id&quot;:948,&quot;url&quot;:&quot;https:\\\/\\\/www.mirhasperu.org\\\/web\\\/wp-content\\\/uploads\\\/2024\\\/09\\\/Imagen15-1280-600.jpg&quot;}],&quot;background_slideshow_slide_transition&quot;:&quot;slide_right&quot;,&quot;background_slideshow_loop&quot;:&quot;yes&quot;,&quot;background_slideshow_slide_duration&quot;:5000,&quot;background_slideshow_transition_duration&quot;:500}\">\n\t\t<div class=\"elementor-element elementor-element-2cb9cb3f e-con-full e-flex e-con e-child\" data-id=\"2cb9cb3f\" data-element_type=\"container\" data-e-type=\"container\">\n\t\t\t\t<div class=\"elementor-element elementor-element-70c3f940 elementor-invisible elementor-widget elementor-widget-text-editor\" data-id=\"70c3f940\" data-element_type=\"widget\" data-e-type=\"widget\" data-settings=\"{&quot;_animation&quot;:&quot;fadeIn&quot;}\" data-widget_type=\"text-editor.default\">\n\t\t\t\t<div class=\"elementor-widget-container\">\n\t\t\t\t\t\t\t\t\tCONSULTORIAS\t\t\t\t\t\t\t\t<\/div>\n\t\t\t\t<\/div>\n\t\t\t\t<\/div>\n\t\t\t\t<\/div>\n\t\t<div class=\"elementor-element elementor-element-bc32150 e-flex e-con-boxed e-con e-parent\" data-id=\"bc32150\" data-element_type=\"container\" data-e-type=\"container\">\n\t\t\t\t\t<div class=\"e-con-inner\">\n\t\t\t\t<div class=\"elementor-element elementor-element-35e2cad elementor-widget-divider--view-line elementor-widget elementor-widget-divider\" data-id=\"35e2cad\" data-element_type=\"widget\" data-e-type=\"widget\" data-widget_type=\"divider.default\">\n\t\t\t\t<div class=\"elementor-widget-container\">\n\t\t\t\t\t\t\t<div class=\"elementor-divider\">\n\t\t\t<span class=\"elementor-divider-separator\">\n\t\t\t\t\t\t<\/span>\n\t\t<\/div>\n\t\t\t\t\t\t<\/div>\n\t\t\t\t<\/div>\n\t\t\t\t\t<\/div>\n\t\t\t\t<\/div>\n\t\t<div class=\"elementor-element elementor-element-3803b170 e-con-full e-flex e-con e-parent\" data-id=\"3803b170\" data-element_type=\"container\" data-e-type=\"container\">\n\t\t<div class=\"elementor-element elementor-element-7804c43c e-con-full e-flex elementor-invisible e-con e-child\" data-id=\"7804c43c\" data-element_type=\"container\" data-e-type=\"container\" data-settings=\"{&quot;animation&quot;:&quot;zoomIn&quot;}\">\n\t\t\t\t<div class=\"elementor-element elementor-element-2adfcad9 elementor-widget__width-initial elementor-widget elementor-widget-image-carousel\" data-id=\"2adfcad9\" data-element_type=\"widget\" data-e-type=\"widget\" data-settings=\"{&quot;slides_to_show&quot;:&quot;1&quot;,&quot;navigation&quot;:&quot;none&quot;,&quot;autoplay&quot;:&quot;yes&quot;,&quot;pause_on_hover&quot;:&quot;yes&quot;,&quot;pause_on_interaction&quot;:&quot;yes&quot;,&quot;autoplay_speed&quot;:5000,&quot;infinite&quot;:&quot;yes&quot;,&quot;effect&quot;:&quot;slide&quot;,&quot;speed&quot;:500}\" data-widget_type=\"image-carousel.default\">\n\t\t\t\t<div class=\"elementor-widget-container\">\n\t\t\t\t\t\t\t<div class=\"elementor-image-carousel-wrapper swiper\" role=\"region\" aria-roledescription=\"carousel\" aria-label=\"Carrusel de im\u00e1genes\" dir=\"ltr\">\n\t\t\t<div class=\"elementor-image-carousel swiper-wrapper\" aria-live=\"off\">\n\t\t\t\t\t\t\t\t<div class=\"swiper-slide\" role=\"group\" aria-roledescription=\"slide\" aria-label=\"1 de 2\"><a data-elementor-open-lightbox=\"yes\" data-elementor-lightbox-slideshow=\"2adfcad9\" data-elementor-lightbox-title=\"IMGC1.1\" data-e-action-hash=\"#elementor-action%3Aaction%3Dlightbox%26settings%3DeyJpZCI6NDY5LCJ1cmwiOiJodHRwczpcL1wvd3d3Lm1pcmhhc3BlcnUub3JnXC93ZWJcL3dwLWNvbnRlbnRcL3VwbG9hZHNcLzIwMjRcLzA5XC9JTUdDMS4xLmpwZyIsInNsaWRlc2hvdyI6IjJhZGZjYWQ5In0%3D\" href=\"https:\/\/www.mirhasperu.org\/web\/wp-content\/uploads\/2024\/09\/IMGC1.1.jpg\"><figure class=\"swiper-slide-inner\"><img decoding=\"async\" class=\"swiper-slide-image\" src=\"https:\/\/www.mirhasperu.org\/web\/wp-content\/uploads\/2024\/09\/IMGC1.1.jpg\" alt=\"IMGC1.1\" \/><\/figure><\/a><\/div><div class=\"swiper-slide\" role=\"group\" aria-roledescription=\"slide\" aria-label=\"2 de 2\"><a data-elementor-open-lightbox=\"yes\" data-elementor-lightbox-slideshow=\"2adfcad9\" data-elementor-lightbox-title=\"IMGC1.2\" data-e-action-hash=\"#elementor-action%3Aaction%3Dlightbox%26settings%3DeyJpZCI6NDcwLCJ1cmwiOiJodHRwczpcL1wvd3d3Lm1pcmhhc3BlcnUub3JnXC93ZWJcL3dwLWNvbnRlbnRcL3VwbG9hZHNcLzIwMjRcLzA5XC9JTUdDMS4yLmpwZyIsInNsaWRlc2hvdyI6IjJhZGZjYWQ5In0%3D\" href=\"https:\/\/www.mirhasperu.org\/web\/wp-content\/uploads\/2024\/09\/IMGC1.2.jpg\"><figure class=\"swiper-slide-inner\"><img decoding=\"async\" class=\"swiper-slide-image\" src=\"https:\/\/www.mirhasperu.org\/web\/wp-content\/uploads\/2024\/09\/IMGC1.2.jpg\" alt=\"IMGC1.2\" \/><\/figure><\/a><\/div>\t\t\t<\/div>\n\t\t\t\t\t\t\t\n\t\t\t\t\t\t\t\t\t<\/div>\n\t\t\t\t\t\t<\/div>\n\t\t\t\t<\/div>\n\t\t\t\t<div class=\"elementor-element elementor-element-305c34c3 elementor-widget elementor-widget-heading\" data-id=\"305c34c3\" data-element_type=\"widget\" data-e-type=\"widget\" data-widget_type=\"heading.default\">\n\t\t\t\t<div class=\"elementor-widget-container\">\n\t\t\t\t\t<h6 class=\"elementor-heading-title elementor-size-default\">\u201cDEFINICI\u00d3N DE LA ESTRUCTURA DE LOS SISTEMAS DE GESTI\u00d3N Y\nPROCEDIMIENTOS DE OPERACI\u00d3N Y MANTENIMIENTO EFICIENTE DE\nLAS CONCESIONARIAS DE DISTRIBUCI\u00d3N EN PROYECTOS DE\nELECTRIFICACI\u00d3N RURAL FOTOVOLTAICA\u201d. (2011- 2012)<\/h6>\t\t\t\t<\/div>\n\t\t\t\t<\/div>\n\t\t\t\t<div class=\"elementor-element elementor-element-70286218 elementor-widget elementor-widget-text-editor\" data-id=\"70286218\" data-element_type=\"widget\" data-e-type=\"widget\" data-widget_type=\"text-editor.default\">\n\t\t\t\t<div class=\"elementor-widget-container\">\n\t\t\t\t\t\t\t\t\t<p>El objetivo global de la consultor\u00eda es desarrollar un diagn\u00f3stico de los actuales sistemas de gesti\u00f3n comercial y de mantenimiento, en las cuatro (04) concesionarias de distribuci\u00f3n que<br \/>actualmente tienen proyectos con sistemas fotovoltaicos&#8230;<\/p>\t\t\t\t\t\t\t\t<\/div>\n\t\t\t\t<\/div>\n\t\t\t\t<div class=\"elementor-element elementor-element-199ba46 elementor-align-center elementor-widget elementor-widget-button\" data-id=\"199ba46\" data-element_type=\"widget\" data-e-type=\"widget\" data-widget_type=\"button.default\">\n\t\t\t\t<div class=\"elementor-widget-container\">\n\t\t\t\t\t\t\t\t\t<div class=\"elementor-button-wrapper\">\n\t\t\t\t\t<a class=\"elementor-button elementor-button-link elementor-size-sm\" href=\"https:\/\/www.mirhasperu.org\/web\/wp-content\/uploads\/2024\/09\/CONSULTORIA1-1.pdf\" target=\"_blank\">\n\t\t\t\t\t\t<span class=\"elementor-button-content-wrapper\">\n\t\t\t\t\t\t<span class=\"elementor-button-icon\">\n\t\t\t\t<svg aria-hidden=\"true\" class=\"e-font-icon-svg e-fas-file-pdf\" viewBox=\"0 0 384 512\" xmlns=\"http:\/\/www.w3.org\/2000\/svg\"><path d=\"M181.9 256.1c-5-16-4.9-46.9-2-46.9 8.4 0 7.6 36.9 2 46.9zm-1.7 47.2c-7.7 20.2-17.3 43.3-28.4 62.7 18.3-7 39-17.2 62.9-21.9-12.7-9.6-24.9-23.4-34.5-40.8zM86.1 428.1c0 .8 13.2-5.4 34.9-40.2-6.7 6.3-29.1 24.5-34.9 40.2zM248 160h136v328c0 13.3-10.7 24-24 24H24c-13.3 0-24-10.7-24-24V24C0 10.7 10.7 0 24 0h200v136c0 13.2 10.8 24 24 24zm-8 171.8c-20-12.2-33.3-29-42.7-53.8 4.5-18.5 11.6-46.6 6.2-64.2-4.7-29.4-42.4-26.5-47.8-6.8-5 18.3-.4 44.1 8.1 77-11.6 27.6-28.7 64.6-40.8 85.8-.1 0-.1.1-.2.1-27.1 13.9-73.6 44.5-54.5 68 5.6 6.9 16 10 21.5 10 17.9 0 35.7-18 61.1-61.8 25.8-8.5 54.1-19.1 79-23.2 21.7 11.8 47.1 19.5 64 19.5 29.2 0 31.2-32 19.7-43.4-13.9-13.6-54.3-9.7-73.6-7.2zM377 105L279 7c-4.5-4.5-10.6-7-17-7h-6v128h128v-6.1c0-6.3-2.5-12.4-7-16.9zm-74.1 255.3c4.1-2.7-2.5-11.9-42.8-9 37.1 15.8 42.8 9 42.8 9z\"><\/path><\/svg>\t\t\t<\/span>\n\t\t\t\t\t\t\t\t\t<span class=\"elementor-button-text\">PDF<\/span>\n\t\t\t\t\t<\/span>\n\t\t\t\t\t<\/a>\n\t\t\t\t<\/div>\n\t\t\t\t\t\t\t\t<\/div>\n\t\t\t\t<\/div>\n\t\t\t\t<\/div>\n\t\t<div class=\"elementor-element elementor-element-13f4e215 e-con-full e-flex elementor-invisible e-con e-child\" data-id=\"13f4e215\" data-element_type=\"container\" data-e-type=\"container\" data-settings=\"{&quot;animation&quot;:&quot;zoomIn&quot;}\">\n\t\t\t\t<div class=\"elementor-element elementor-element-626a694a elementor-widget__width-initial elementor-widget elementor-widget-image-carousel\" data-id=\"626a694a\" data-element_type=\"widget\" data-e-type=\"widget\" data-settings=\"{&quot;slides_to_show&quot;:&quot;1&quot;,&quot;navigation&quot;:&quot;none&quot;,&quot;autoplay&quot;:&quot;yes&quot;,&quot;pause_on_hover&quot;:&quot;yes&quot;,&quot;pause_on_interaction&quot;:&quot;yes&quot;,&quot;autoplay_speed&quot;:5000,&quot;infinite&quot;:&quot;yes&quot;,&quot;effect&quot;:&quot;slide&quot;,&quot;speed&quot;:500}\" data-widget_type=\"image-carousel.default\">\n\t\t\t\t<div class=\"elementor-widget-container\">\n\t\t\t\t\t\t\t<div class=\"elementor-image-carousel-wrapper swiper\" role=\"region\" aria-roledescription=\"carousel\" aria-label=\"Carrusel de im\u00e1genes\" dir=\"ltr\">\n\t\t\t<div class=\"elementor-image-carousel swiper-wrapper\" aria-live=\"off\">\n\t\t\t\t\t\t\t\t<div class=\"swiper-slide\" role=\"group\" aria-roledescription=\"slide\" aria-label=\"1 de 2\"><a data-elementor-open-lightbox=\"yes\" data-elementor-lightbox-slideshow=\"626a694a\" data-elementor-lightbox-title=\"IMGC2.1\" data-e-action-hash=\"#elementor-action%3Aaction%3Dlightbox%26settings%3DeyJpZCI6NDcyLCJ1cmwiOiJodHRwczpcL1wvd3d3Lm1pcmhhc3BlcnUub3JnXC93ZWJcL3dwLWNvbnRlbnRcL3VwbG9hZHNcLzIwMjRcLzA5XC9JTUdDMi4xLmpwZyIsInNsaWRlc2hvdyI6IjYyNmE2OTRhIn0%3D\" href=\"https:\/\/www.mirhasperu.org\/web\/wp-content\/uploads\/2024\/09\/IMGC2.1.jpg\"><figure class=\"swiper-slide-inner\"><img decoding=\"async\" class=\"swiper-slide-image\" src=\"https:\/\/www.mirhasperu.org\/web\/wp-content\/uploads\/2024\/09\/IMGC2.1.jpg\" alt=\"IMGC2.1\" \/><\/figure><\/a><\/div><div class=\"swiper-slide\" role=\"group\" aria-roledescription=\"slide\" aria-label=\"2 de 2\"><a data-elementor-open-lightbox=\"yes\" data-elementor-lightbox-slideshow=\"626a694a\" data-elementor-lightbox-title=\"IMGC2.2\" data-e-action-hash=\"#elementor-action%3Aaction%3Dlightbox%26settings%3DeyJpZCI6NDczLCJ1cmwiOiJodHRwczpcL1wvd3d3Lm1pcmhhc3BlcnUub3JnXC93ZWJcL3dwLWNvbnRlbnRcL3VwbG9hZHNcLzIwMjRcLzA5XC9JTUdDMi4yLmpwZyIsInNsaWRlc2hvdyI6IjYyNmE2OTRhIn0%3D\" href=\"https:\/\/www.mirhasperu.org\/web\/wp-content\/uploads\/2024\/09\/IMGC2.2.jpg\"><figure class=\"swiper-slide-inner\"><img decoding=\"async\" class=\"swiper-slide-image\" src=\"https:\/\/www.mirhasperu.org\/web\/wp-content\/uploads\/2024\/09\/IMGC2.2.jpg\" alt=\"IMGC2.2\" \/><\/figure><\/a><\/div>\t\t\t<\/div>\n\t\t\t\t\t\t\t\n\t\t\t\t\t\t\t\t\t<\/div>\n\t\t\t\t\t\t<\/div>\n\t\t\t\t<\/div>\n\t\t\t\t<div class=\"elementor-element elementor-element-e9e1161 elementor-align-center elementor-widget elementor-widget-button\" data-id=\"e9e1161\" data-element_type=\"widget\" data-e-type=\"widget\" data-widget_type=\"button.default\">\n\t\t\t\t<div class=\"elementor-widget-container\">\n\t\t\t\t\t\t\t\t\t<div class=\"elementor-button-wrapper\">\n\t\t\t\t\t<a class=\"elementor-button elementor-button-link elementor-size-sm\" href=\"https:\/\/www.mirhasperu.org\/web\/wp-content\/uploads\/2024\/09\/CONSULTORIA2-1.pdf\" target=\"_blank\">\n\t\t\t\t\t\t<span class=\"elementor-button-content-wrapper\">\n\t\t\t\t\t\t<span class=\"elementor-button-icon\">\n\t\t\t\t<svg aria-hidden=\"true\" class=\"e-font-icon-svg e-fas-file-pdf\" viewBox=\"0 0 384 512\" xmlns=\"http:\/\/www.w3.org\/2000\/svg\"><path d=\"M181.9 256.1c-5-16-4.9-46.9-2-46.9 8.4 0 7.6 36.9 2 46.9zm-1.7 47.2c-7.7 20.2-17.3 43.3-28.4 62.7 18.3-7 39-17.2 62.9-21.9-12.7-9.6-24.9-23.4-34.5-40.8zM86.1 428.1c0 .8 13.2-5.4 34.9-40.2-6.7 6.3-29.1 24.5-34.9 40.2zM248 160h136v328c0 13.3-10.7 24-24 24H24c-13.3 0-24-10.7-24-24V24C0 10.7 10.7 0 24 0h200v136c0 13.2 10.8 24 24 24zm-8 171.8c-20-12.2-33.3-29-42.7-53.8 4.5-18.5 11.6-46.6 6.2-64.2-4.7-29.4-42.4-26.5-47.8-6.8-5 18.3-.4 44.1 8.1 77-11.6 27.6-28.7 64.6-40.8 85.8-.1 0-.1.1-.2.1-27.1 13.9-73.6 44.5-54.5 68 5.6 6.9 16 10 21.5 10 17.9 0 35.7-18 61.1-61.8 25.8-8.5 54.1-19.1 79-23.2 21.7 11.8 47.1 19.5 64 19.5 29.2 0 31.2-32 19.7-43.4-13.9-13.6-54.3-9.7-73.6-7.2zM377 105L279 7c-4.5-4.5-10.6-7-17-7h-6v128h128v-6.1c0-6.3-2.5-12.4-7-16.9zm-74.1 255.3c4.1-2.7-2.5-11.9-42.8-9 37.1 15.8 42.8 9 42.8 9z\"><\/path><\/svg>\t\t\t<\/span>\n\t\t\t\t\t\t\t\t\t<span class=\"elementor-button-text\">PDF<\/span>\n\t\t\t\t\t<\/span>\n\t\t\t\t\t<\/a>\n\t\t\t\t<\/div>\n\t\t\t\t\t\t\t\t<\/div>\n\t\t\t\t<\/div>\n\t\t\t\t<div class=\"elementor-element elementor-element-4749272c elementor-widget elementor-widget-text-editor\" data-id=\"4749272c\" data-element_type=\"widget\" data-e-type=\"widget\" data-widget_type=\"text-editor.default\">\n\t\t\t\t<div class=\"elementor-widget-container\">\n\t\t\t\t\t\t\t\t\t<p>Esta consultor\u00eda se realiz\u00f3 para el Ministerio de Energ\u00eda y Minas y consisti\u00f3 en elaborar dos<br \/>proyectos de electrificaci\u00f3n con paneles solares en viviendas.<br \/>Se realizaron las siguientes acciones:<br \/>1.- Estudio de campo en dos zonas: La Matanza y Chulucanas (Nacho Tavara).<br \/>2.- Elaboraci\u00f3n de propuesta tarifaria para OSINERMIG&#8230;<\/p>\t\t\t\t\t\t\t\t<\/div>\n\t\t\t\t<\/div>\n\t\t\t\t<div class=\"elementor-element elementor-element-3183d7a3 elementor-widget elementor-widget-heading\" data-id=\"3183d7a3\" data-element_type=\"widget\" data-e-type=\"widget\" data-widget_type=\"heading.default\">\n\t\t\t\t<div class=\"elementor-widget-container\">\n\t\t\t\t\t<h6 class=\"elementor-heading-title elementor-size-default\">\"PREPARACION DE DOS PROYECTOS SFV CON MODELO OPERACIONAL\nSOSTENIBLE EN EL AMBITO DE LA EMPRESA DE DISTRIBUCION\nELECTRONOROESTE S.A DE LA REGION PIURA\" \u2013 2009<\/h6>\t\t\t\t<\/div>\n\t\t\t\t<\/div>\n\t\t\t\t<\/div>\n\t\t\t\t<\/div>\n\t\t\t\t<\/div>\n\t\t","protected":false},"excerpt":{"rendered":"<p>CONSULTORIAS \u201cDEFINICI\u00d3N DE LA ESTRUCTURA DE LOS SISTEMAS DE GESTI\u00d3N Y PROCEDIMIENTOS DE OPERACI\u00d3N Y MANTENIMIENTO EFICIENTE DE LAS CONCESIONARIAS DE DISTRIBUCI\u00d3N EN PROYECTOS DE ELECTRIFICACI\u00d3N RURAL FOTOVOLTAICA\u201d. (2011- 2012) El objetivo global de la consultor\u00eda es desarrollar un diagn\u00f3stico<\/p>\n","protected":false},"author":1,"featured_media":0,"parent":0,"menu_order":0,"comment_status":"closed","ping_status":"closed","template":"","meta":{"footnotes":""},"class_list":["post-459","page","type-page","status-publish","hentry"],"_links":{"self":[{"href":"https:\/\/www.mirhasperu.org\/web\/index.php?rest_route=\/wp\/v2\/pages\/459","targetHints":{"allow":["GET"]}}],"collection":[{"href":"https:\/\/www.mirhasperu.org\/web\/index.php?rest_route=\/wp\/v2\/pages"}],"about":[{"href":"https:\/\/www.mirhasperu.org\/web\/index.php?rest_route=\/wp\/v2\/types\/page"}],"author":[{"embeddable":true,"href":"https:\/\/www.mirhasperu.org\/web\/index.php?rest_route=\/wp\/v2\/users\/1"}],"replies":[{"embeddable":true,"href":"https:\/\/www.mirhasperu.org\/web\/index.php?rest_route=%2Fwp%2Fv2%2Fcomments&post=459"}],"version-history":[{"count":40,"href":"https:\/\/www.mirhasperu.org\/web\/index.php?rest_route=\/wp\/v2\/pages\/459\/revisions"}],"predecessor-version":[{"id":966,"href":"https:\/\/www.mirhasperu.org\/web\/index.php?rest_route=\/wp\/v2\/pages\/459\/revisions\/966"}],"wp:attachment":[{"href":"https:\/\/www.mirhasperu.org\/web\/index.php?rest_route=%2Fwp%2Fv2%2Fmedia&parent=459"}],"curies":[{"name":"wp","href":"https:\/\/api.w.org\/{rel}","templated":true}]}}