{"id":433,"date":"2024-09-03T18:35:18","date_gmt":"2024-09-03T18:35:18","guid":{"rendered":"https:\/\/www.mirhasperu.org\/web\/?page_id=433"},"modified":"2024-09-23T17:01:55","modified_gmt":"2024-09-23T17:01:55","slug":"estudio","status":"publish","type":"page","link":"https:\/\/www.mirhasperu.org\/web\/?page_id=433","title":{"rendered":"Estudios"},"content":{"rendered":"\t\t<div data-elementor-type=\"wp-page\" data-elementor-id=\"433\" class=\"elementor elementor-433\">\n\t\t\t\t<div class=\"elementor-element elementor-element-72e27c41 e-con-full e-flex e-con e-parent\" data-id=\"72e27c41\" data-element_type=\"container\" data-e-type=\"container\" data-settings=\"{&quot;background_background&quot;:&quot;slideshow&quot;,&quot;background_slideshow_gallery&quot;:[{&quot;id&quot;:58,&quot;url&quot;:&quot;https:\\\/\\\/www.mirhasperu.org\\\/web\\\/wp-content\\\/uploads\\\/2024\\\/08\\\/portada6.jpg&quot;},{&quot;id&quot;:57,&quot;url&quot;:&quot;https:\\\/\\\/www.mirhasperu.org\\\/web\\\/wp-content\\\/uploads\\\/2024\\\/08\\\/portada5.jpg&quot;},{&quot;id&quot;:55,&quot;url&quot;:&quot;https:\\\/\\\/www.mirhasperu.org\\\/web\\\/wp-content\\\/uploads\\\/2024\\\/08\\\/portada1.jpg&quot;},{&quot;id&quot;:51,&quot;url&quot;:&quot;https:\\\/\\\/www.mirhasperu.org\\\/web\\\/wp-content\\\/uploads\\\/2024\\\/08\\\/IMG_5716.jpg&quot;},{&quot;id&quot;:53,&quot;url&quot;:&quot;https:\\\/\\\/www.mirhasperu.org\\\/web\\\/wp-content\\\/uploads\\\/2024\\\/08\\\/monteazul.png&quot;},{&quot;id&quot;:54,&quot;url&quot;:&quot;https:\\\/\\\/www.mirhasperu.org\\\/web\\\/wp-content\\\/uploads\\\/2024\\\/08\\\/portada.png&quot;},{&quot;id&quot;:49,&quot;url&quot;:&quot;https:\\\/\\\/www.mirhasperu.org\\\/web\\\/wp-content\\\/uploads\\\/2024\\\/08\\\/Fotos-pagina-portada.png&quot;},{&quot;id&quot;:48,&quot;url&quot;:&quot;https:\\\/\\\/www.mirhasperu.org\\\/web\\\/wp-content\\\/uploads\\\/2024\\\/08\\\/cocina.png&quot;},{&quot;id&quot;:47,&quot;url&quot;:&quot;https:\\\/\\\/www.mirhasperu.org\\\/web\\\/wp-content\\\/uploads\\\/2024\\\/08\\\/20190520_123746.jpg&quot;},{&quot;id&quot;:933,&quot;url&quot;:&quot;https:\\\/\\\/www.mirhasperu.org\\\/web\\\/wp-content\\\/uploads\\\/2024\\\/09\\\/Imagen01-1280-600.jpg&quot;},{&quot;id&quot;:934,&quot;url&quot;:&quot;https:\\\/\\\/www.mirhasperu.org\\\/web\\\/wp-content\\\/uploads\\\/2024\\\/09\\\/Imagen02-1280-600.jpg&quot;},{&quot;id&quot;:935,&quot;url&quot;:&quot;https:\\\/\\\/www.mirhasperu.org\\\/web\\\/wp-content\\\/uploads\\\/2024\\\/09\\\/Imagen03-1280-600.jpg&quot;},{&quot;id&quot;:936,&quot;url&quot;:&quot;https:\\\/\\\/www.mirhasperu.org\\\/web\\\/wp-content\\\/uploads\\\/2024\\\/09\\\/Imagen04-1280-600.jpg&quot;},{&quot;id&quot;:937,&quot;url&quot;:&quot;https:\\\/\\\/www.mirhasperu.org\\\/web\\\/wp-content\\\/uploads\\\/2024\\\/09\\\/Imagen05-1280-600.jpg&quot;},{&quot;id&quot;:938,&quot;url&quot;:&quot;https:\\\/\\\/www.mirhasperu.org\\\/web\\\/wp-content\\\/uploads\\\/2024\\\/09\\\/Imagen06-1280-600.jpg&quot;},{&quot;id&quot;:939,&quot;url&quot;:&quot;https:\\\/\\\/www.mirhasperu.org\\\/web\\\/wp-content\\\/uploads\\\/2024\\\/09\\\/Imagen07-1280-600.jpg&quot;},{&quot;id&quot;:940,&quot;url&quot;:&quot;https:\\\/\\\/www.mirhasperu.org\\\/web\\\/wp-content\\\/uploads\\\/2024\\\/09\\\/Imagen08-1280-600.jpg&quot;},{&quot;id&quot;:941,&quot;url&quot;:&quot;https:\\\/\\\/www.mirhasperu.org\\\/web\\\/wp-content\\\/uploads\\\/2024\\\/09\\\/Imagen09-1280-600.jpg&quot;},{&quot;id&quot;:942,&quot;url&quot;:&quot;https:\\\/\\\/www.mirhasperu.org\\\/web\\\/wp-content\\\/uploads\\\/2024\\\/09\\\/Imagen10-1280-600.jpg&quot;},{&quot;id&quot;:943,&quot;url&quot;:&quot;https:\\\/\\\/www.mirhasperu.org\\\/web\\\/wp-content\\\/uploads\\\/2024\\\/09\\\/Imagen11-1280-600.jpg&quot;},{&quot;id&quot;:944,&quot;url&quot;:&quot;https:\\\/\\\/www.mirhasperu.org\\\/web\\\/wp-content\\\/uploads\\\/2024\\\/09\\\/Imagen12-1280-600.jpg&quot;},{&quot;id&quot;:945,&quot;url&quot;:&quot;https:\\\/\\\/www.mirhasperu.org\\\/web\\\/wp-content\\\/uploads\\\/2024\\\/09\\\/Imagen13-1280-600.jpg&quot;},{&quot;id&quot;:946,&quot;url&quot;:&quot;https:\\\/\\\/www.mirhasperu.org\\\/web\\\/wp-content\\\/uploads\\\/2024\\\/09\\\/Imagen14-1280-600.jpg&quot;},{&quot;id&quot;:948,&quot;url&quot;:&quot;https:\\\/\\\/www.mirhasperu.org\\\/web\\\/wp-content\\\/uploads\\\/2024\\\/09\\\/Imagen15-1280-600.jpg&quot;}],&quot;background_slideshow_slide_transition&quot;:&quot;slide_right&quot;,&quot;background_slideshow_loop&quot;:&quot;yes&quot;,&quot;background_slideshow_slide_duration&quot;:5000,&quot;background_slideshow_transition_duration&quot;:500}\">\n\t\t<div class=\"elementor-element elementor-element-495b8aa7 e-con-full e-flex e-con e-child\" data-id=\"495b8aa7\" data-element_type=\"container\" data-e-type=\"container\">\n\t\t\t\t<div class=\"elementor-element elementor-element-4a826220 elementor-invisible elementor-widget elementor-widget-text-editor\" data-id=\"4a826220\" data-element_type=\"widget\" data-e-type=\"widget\" data-settings=\"{&quot;_animation&quot;:&quot;fadeIn&quot;}\" data-widget_type=\"text-editor.default\">\n\t\t\t\t<div class=\"elementor-widget-container\">\n\t\t\t\t\t\t\t\t\tESTUDIOS\t\t\t\t\t\t\t\t<\/div>\n\t\t\t\t<\/div>\n\t\t\t\t<\/div>\n\t\t\t\t<\/div>\n\t\t<div class=\"elementor-element elementor-element-70b8fe8 e-flex e-con-boxed e-con e-parent\" data-id=\"70b8fe8\" data-element_type=\"container\" data-e-type=\"container\">\n\t\t\t\t\t<div class=\"e-con-inner\">\n\t\t\t\t<div class=\"elementor-element elementor-element-9b0d3b3 elementor-widget-divider--view-line elementor-widget elementor-widget-divider\" data-id=\"9b0d3b3\" data-element_type=\"widget\" data-e-type=\"widget\" data-widget_type=\"divider.default\">\n\t\t\t\t<div class=\"elementor-widget-container\">\n\t\t\t\t\t\t\t<div class=\"elementor-divider\">\n\t\t\t<span class=\"elementor-divider-separator\">\n\t\t\t\t\t\t<\/span>\n\t\t<\/div>\n\t\t\t\t\t\t<\/div>\n\t\t\t\t<\/div>\n\t\t\t\t\t<\/div>\n\t\t\t\t<\/div>\n\t\t<div class=\"elementor-element elementor-element-aa4e5a1 e-con-full e-flex e-con e-parent\" data-id=\"aa4e5a1\" data-element_type=\"container\" data-e-type=\"container\">\n\t\t<div class=\"elementor-element elementor-element-3836d4d4 e-con-full e-flex elementor-invisible e-con e-child\" data-id=\"3836d4d4\" data-element_type=\"container\" data-e-type=\"container\" data-settings=\"{&quot;animation&quot;:&quot;zoomIn&quot;}\">\n\t\t\t\t<div class=\"elementor-element elementor-element-2607694a elementor-widget__width-initial elementor-widget elementor-widget-image-carousel\" data-id=\"2607694a\" data-element_type=\"widget\" data-e-type=\"widget\" data-settings=\"{&quot;slides_to_show&quot;:&quot;1&quot;,&quot;navigation&quot;:&quot;none&quot;,&quot;autoplay&quot;:&quot;yes&quot;,&quot;pause_on_hover&quot;:&quot;yes&quot;,&quot;pause_on_interaction&quot;:&quot;yes&quot;,&quot;autoplay_speed&quot;:5000,&quot;infinite&quot;:&quot;yes&quot;,&quot;effect&quot;:&quot;slide&quot;,&quot;speed&quot;:500}\" data-widget_type=\"image-carousel.default\">\n\t\t\t\t<div class=\"elementor-widget-container\">\n\t\t\t\t\t\t\t<div class=\"elementor-image-carousel-wrapper swiper\" role=\"region\" aria-roledescription=\"carousel\" aria-label=\"Carrusel de im\u00e1genes\" dir=\"ltr\">\n\t\t\t<div class=\"elementor-image-carousel swiper-wrapper\" aria-live=\"off\">\n\t\t\t\t\t\t\t\t<div class=\"swiper-slide\" role=\"group\" aria-roledescription=\"slide\" aria-label=\"1 de 1\"><a data-elementor-open-lightbox=\"yes\" data-elementor-lightbox-slideshow=\"2607694a\" data-elementor-lightbox-title=\"imge1.1\" data-e-action-hash=\"#elementor-action%3Aaction%3Dlightbox%26settings%3DeyJpZCI6NDM3LCJ1cmwiOiJodHRwczpcL1wvd3d3Lm1pcmhhc3BlcnUub3JnXC93ZWJcL3dwLWNvbnRlbnRcL3VwbG9hZHNcLzIwMjRcLzA5XC9pbWdlMS4xLmpwZyIsInNsaWRlc2hvdyI6IjI2MDc2OTRhIn0%3D\" href=\"https:\/\/www.mirhasperu.org\/web\/wp-content\/uploads\/2024\/09\/imge1.1.jpg\"><figure class=\"swiper-slide-inner\"><img decoding=\"async\" class=\"swiper-slide-image\" src=\"https:\/\/www.mirhasperu.org\/web\/wp-content\/uploads\/2024\/09\/imge1.1.jpg\" alt=\"imge1.1\" \/><\/figure><\/a><\/div>\t\t\t<\/div>\n\t\t\t\t\t<\/div>\n\t\t\t\t\t\t<\/div>\n\t\t\t\t<\/div>\n\t\t\t\t<div class=\"elementor-element elementor-element-3f652f7c elementor-widget elementor-widget-heading\" data-id=\"3f652f7c\" data-element_type=\"widget\" data-e-type=\"widget\" data-widget_type=\"heading.default\">\n\t\t\t\t<div class=\"elementor-widget-container\">\n\t\t\t\t\t<h6 class=\"elementor-heading-title elementor-size-default\">\"ELABORACION DE PERFIL DE PROYECTO PARA MEJORA DEL\nABASTECIMIENTO DE AGUA PARA CONSUMO HUMANO Y DE GANADO EN\nCUATRO POZOS DEL DISTRITO DE LA MATANZA Y CATACAOS\" \u2013 2013 <\/h6>\t\t\t\t<\/div>\n\t\t\t\t<\/div>\n\t\t\t\t<div class=\"elementor-element elementor-element-48311b75 elementor-widget elementor-widget-text-editor\" data-id=\"48311b75\" data-element_type=\"widget\" data-e-type=\"widget\" data-widget_type=\"text-editor.default\">\n\t\t\t\t<div class=\"elementor-widget-container\">\n\t\t\t\t\t\t\t\t\t<p>Este estudio se est\u00e1 realizado en coordinaci\u00f3n con Energ\u00eda Sin Fronteras y las<br \/>municipalidades de Matanza y Catacaos.<br \/>El estudio ha permitido formular una propuesta de proyecto que tiene como objetico mejora<br \/>de abastecimiento de agua para consumo humano y de ganado en cinco pozos<\/p>\t\t\t\t\t\t\t\t<\/div>\n\t\t\t\t<\/div>\n\t\t\t\t<div class=\"elementor-element elementor-element-a35718 elementor-align-center elementor-widget elementor-widget-button\" data-id=\"a35718\" data-element_type=\"widget\" data-e-type=\"widget\" data-widget_type=\"button.default\">\n\t\t\t\t<div class=\"elementor-widget-container\">\n\t\t\t\t\t\t\t\t\t<div class=\"elementor-button-wrapper\">\n\t\t\t\t\t<a class=\"elementor-button elementor-button-link elementor-size-sm\" href=\"https:\/\/www.mirhasperu.org\/web\/wp-content\/uploads\/2024\/09\/ESTUDIO1-1.pdf\" target=\"_blank\">\n\t\t\t\t\t\t<span class=\"elementor-button-content-wrapper\">\n\t\t\t\t\t\t<span class=\"elementor-button-icon\">\n\t\t\t\t<svg aria-hidden=\"true\" class=\"e-font-icon-svg e-fas-file-pdf\" viewBox=\"0 0 384 512\" xmlns=\"http:\/\/www.w3.org\/2000\/svg\"><path d=\"M181.9 256.1c-5-16-4.9-46.9-2-46.9 8.4 0 7.6 36.9 2 46.9zm-1.7 47.2c-7.7 20.2-17.3 43.3-28.4 62.7 18.3-7 39-17.2 62.9-21.9-12.7-9.6-24.9-23.4-34.5-40.8zM86.1 428.1c0 .8 13.2-5.4 34.9-40.2-6.7 6.3-29.1 24.5-34.9 40.2zM248 160h136v328c0 13.3-10.7 24-24 24H24c-13.3 0-24-10.7-24-24V24C0 10.7 10.7 0 24 0h200v136c0 13.2 10.8 24 24 24zm-8 171.8c-20-12.2-33.3-29-42.7-53.8 4.5-18.5 11.6-46.6 6.2-64.2-4.7-29.4-42.4-26.5-47.8-6.8-5 18.3-.4 44.1 8.1 77-11.6 27.6-28.7 64.6-40.8 85.8-.1 0-.1.1-.2.1-27.1 13.9-73.6 44.5-54.5 68 5.6 6.9 16 10 21.5 10 17.9 0 35.7-18 61.1-61.8 25.8-8.5 54.1-19.1 79-23.2 21.7 11.8 47.1 19.5 64 19.5 29.2 0 31.2-32 19.7-43.4-13.9-13.6-54.3-9.7-73.6-7.2zM377 105L279 7c-4.5-4.5-10.6-7-17-7h-6v128h128v-6.1c0-6.3-2.5-12.4-7-16.9zm-74.1 255.3c4.1-2.7-2.5-11.9-42.8-9 37.1 15.8 42.8 9 42.8 9z\"><\/path><\/svg>\t\t\t<\/span>\n\t\t\t\t\t\t\t\t\t<span class=\"elementor-button-text\">PDF<\/span>\n\t\t\t\t\t<\/span>\n\t\t\t\t\t<\/a>\n\t\t\t\t<\/div>\n\t\t\t\t\t\t\t\t<\/div>\n\t\t\t\t<\/div>\n\t\t\t\t<\/div>\n\t\t<div class=\"elementor-element elementor-element-6f576c63 e-con-full e-flex elementor-invisible e-con e-child\" data-id=\"6f576c63\" data-element_type=\"container\" data-e-type=\"container\" data-settings=\"{&quot;animation&quot;:&quot;zoomIn&quot;}\">\n\t\t\t\t<div class=\"elementor-element elementor-element-7ce902a7 elementor-widget__width-initial elementor-widget elementor-widget-image-carousel\" data-id=\"7ce902a7\" data-element_type=\"widget\" data-e-type=\"widget\" data-settings=\"{&quot;slides_to_show&quot;:&quot;1&quot;,&quot;navigation&quot;:&quot;none&quot;,&quot;autoplay&quot;:&quot;yes&quot;,&quot;pause_on_hover&quot;:&quot;yes&quot;,&quot;pause_on_interaction&quot;:&quot;yes&quot;,&quot;autoplay_speed&quot;:5000,&quot;infinite&quot;:&quot;yes&quot;,&quot;effect&quot;:&quot;slide&quot;,&quot;speed&quot;:500}\" data-widget_type=\"image-carousel.default\">\n\t\t\t\t<div class=\"elementor-widget-container\">\n\t\t\t\t\t\t\t<div class=\"elementor-image-carousel-wrapper swiper\" role=\"region\" aria-roledescription=\"carousel\" aria-label=\"Carrusel de im\u00e1genes\" dir=\"ltr\">\n\t\t\t<div class=\"elementor-image-carousel swiper-wrapper\" aria-live=\"off\">\n\t\t\t\t\t\t\t\t<div class=\"swiper-slide\" role=\"group\" aria-roledescription=\"slide\" aria-label=\"1 de 1\"><a data-elementor-open-lightbox=\"yes\" data-elementor-lightbox-slideshow=\"7ce902a7\" data-elementor-lightbox-title=\"imge2.1\" data-e-action-hash=\"#elementor-action%3Aaction%3Dlightbox%26settings%3DeyJpZCI6NDQyLCJ1cmwiOiJodHRwczpcL1wvd3d3Lm1pcmhhc3BlcnUub3JnXC93ZWJcL3dwLWNvbnRlbnRcL3VwbG9hZHNcLzIwMjRcLzA5XC9pbWdlMi4xLnBuZyIsInNsaWRlc2hvdyI6IjdjZTkwMmE3In0%3D\" href=\"https:\/\/www.mirhasperu.org\/web\/wp-content\/uploads\/2024\/09\/imge2.1.png\"><figure class=\"swiper-slide-inner\"><img decoding=\"async\" class=\"swiper-slide-image\" src=\"https:\/\/www.mirhasperu.org\/web\/wp-content\/uploads\/2024\/09\/imge2.1.png\" alt=\"imge2.1\" \/><\/figure><\/a><\/div>\t\t\t<\/div>\n\t\t\t\t\t<\/div>\n\t\t\t\t\t\t<\/div>\n\t\t\t\t<\/div>\n\t\t\t\t<div class=\"elementor-element elementor-element-67db8ba1 elementor-align-center elementor-widget elementor-widget-button\" data-id=\"67db8ba1\" data-element_type=\"widget\" data-e-type=\"widget\" data-widget_type=\"button.default\">\n\t\t\t\t<div class=\"elementor-widget-container\">\n\t\t\t\t\t\t\t\t\t<div class=\"elementor-button-wrapper\">\n\t\t\t\t\t<a class=\"elementor-button elementor-button-link elementor-size-sm\" href=\"https:\/\/www.mirhasperu.org\/web\/wp-content\/uploads\/2024\/09\/estudio2-1.pdf\" target=\"_blank\">\n\t\t\t\t\t\t<span class=\"elementor-button-content-wrapper\">\n\t\t\t\t\t\t<span class=\"elementor-button-icon\">\n\t\t\t\t<svg aria-hidden=\"true\" class=\"e-font-icon-svg e-fas-file-pdf\" viewBox=\"0 0 384 512\" xmlns=\"http:\/\/www.w3.org\/2000\/svg\"><path d=\"M181.9 256.1c-5-16-4.9-46.9-2-46.9 8.4 0 7.6 36.9 2 46.9zm-1.7 47.2c-7.7 20.2-17.3 43.3-28.4 62.7 18.3-7 39-17.2 62.9-21.9-12.7-9.6-24.9-23.4-34.5-40.8zM86.1 428.1c0 .8 13.2-5.4 34.9-40.2-6.7 6.3-29.1 24.5-34.9 40.2zM248 160h136v328c0 13.3-10.7 24-24 24H24c-13.3 0-24-10.7-24-24V24C0 10.7 10.7 0 24 0h200v136c0 13.2 10.8 24 24 24zm-8 171.8c-20-12.2-33.3-29-42.7-53.8 4.5-18.5 11.6-46.6 6.2-64.2-4.7-29.4-42.4-26.5-47.8-6.8-5 18.3-.4 44.1 8.1 77-11.6 27.6-28.7 64.6-40.8 85.8-.1 0-.1.1-.2.1-27.1 13.9-73.6 44.5-54.5 68 5.6 6.9 16 10 21.5 10 17.9 0 35.7-18 61.1-61.8 25.8-8.5 54.1-19.1 79-23.2 21.7 11.8 47.1 19.5 64 19.5 29.2 0 31.2-32 19.7-43.4-13.9-13.6-54.3-9.7-73.6-7.2zM377 105L279 7c-4.5-4.5-10.6-7-17-7h-6v128h128v-6.1c0-6.3-2.5-12.4-7-16.9zm-74.1 255.3c4.1-2.7-2.5-11.9-42.8-9 37.1 15.8 42.8 9 42.8 9z\"><\/path><\/svg>\t\t\t<\/span>\n\t\t\t\t\t\t\t\t\t<span class=\"elementor-button-text\">PDF<\/span>\n\t\t\t\t\t<\/span>\n\t\t\t\t\t<\/a>\n\t\t\t\t<\/div>\n\t\t\t\t\t\t\t\t<\/div>\n\t\t\t\t<\/div>\n\t\t\t\t<div class=\"elementor-element elementor-element-378be3ab elementor-widget elementor-widget-text-editor\" data-id=\"378be3ab\" data-element_type=\"widget\" data-e-type=\"widget\" data-widget_type=\"text-editor.default\">\n\t\t\t\t<div class=\"elementor-widget-container\">\n\t\t\t\t\t\t\t\t\t<p>La zona de ubicaci\u00f3n del proyecto es la regi\u00f3n de Los Paramos de Pacaipampa, ubicados en<br \/>el mismo distrito, Provincia de Ayabaca. El recurso h\u00eddrico tiene su origen en tres lagunas<br \/>de altura, que aseguran una continuidad del mismo a lo largo de mes, teni\u00e9ndose<br \/>variaciones de dos veces a lo largo del a\u00f1o.<\/p>\t\t\t\t\t\t\t\t<\/div>\n\t\t\t\t<\/div>\n\t\t\t\t<div class=\"elementor-element elementor-element-6d9a672c elementor-widget elementor-widget-heading\" data-id=\"6d9a672c\" data-element_type=\"widget\" data-e-type=\"widget\" data-widget_type=\"heading.default\">\n\t\t\t\t<div class=\"elementor-widget-container\">\n\t\t\t\t\t<h6 class=\"elementor-heading-title elementor-size-default\">\u201cESTUDIO DE LA FACTIBILIDAD DE LA MINICENTRAL HIDROELELECTRICA\nDE LOS PARAMOS DE PACAIPAMPA-PIURA PERU.\"  2009-2010<\/h6>\t\t\t\t<\/div>\n\t\t\t\t<\/div>\n\t\t\t\t<\/div>\n\t\t\t\t<\/div>\n\t\t\t\t<\/div>\n\t\t","protected":false},"excerpt":{"rendered":"<p>ESTUDIOS \u00abELABORACION DE PERFIL DE PROYECTO PARA MEJORA DEL ABASTECIMIENTO DE AGUA PARA CONSUMO HUMANO Y DE GANADO EN CUATRO POZOS DEL DISTRITO DE LA MATANZA Y CATACAOS\u00bb \u2013 2013 Este estudio se est\u00e1 realizado en coordinaci\u00f3n con Energ\u00eda Sin<\/p>\n","protected":false},"author":1,"featured_media":0,"parent":0,"menu_order":0,"comment_status":"closed","ping_status":"closed","template":"","meta":{"footnotes":""},"class_list":["post-433","page","type-page","status-publish","hentry"],"_links":{"self":[{"href":"https:\/\/www.mirhasperu.org\/web\/index.php?rest_route=\/wp\/v2\/pages\/433","targetHints":{"allow":["GET"]}}],"collection":[{"href":"https:\/\/www.mirhasperu.org\/web\/index.php?rest_route=\/wp\/v2\/pages"}],"about":[{"href":"https:\/\/www.mirhasperu.org\/web\/index.php?rest_route=\/wp\/v2\/types\/page"}],"author":[{"embeddable":true,"href":"https:\/\/www.mirhasperu.org\/web\/index.php?rest_route=\/wp\/v2\/users\/1"}],"replies":[{"embeddable":true,"href":"https:\/\/www.mirhasperu.org\/web\/index.php?rest_route=%2Fwp%2Fv2%2Fcomments&post=433"}],"version-history":[{"count":29,"href":"https:\/\/www.mirhasperu.org\/web\/index.php?rest_route=\/wp\/v2\/pages\/433\/revisions"}],"predecessor-version":[{"id":963,"href":"https:\/\/www.mirhasperu.org\/web\/index.php?rest_route=\/wp\/v2\/pages\/433\/revisions\/963"}],"wp:attachment":[{"href":"https:\/\/www.mirhasperu.org\/web\/index.php?rest_route=%2Fwp%2Fv2%2Fmedia&parent=433"}],"curies":[{"name":"wp","href":"https:\/\/api.w.org\/{rel}","templated":true}]}}