{"id":11,"date":"2024-08-27T23:50:19","date_gmt":"2024-08-27T23:50:19","guid":{"rendered":"https:\/\/www.mirhasperu.org\/web\/?page_id=11"},"modified":"2024-09-23T16:54:27","modified_gmt":"2024-09-23T16:54:27","slug":"acerca-de","status":"publish","type":"page","link":"https:\/\/www.mirhasperu.org\/web\/?page_id=11","title":{"rendered":"Acerca de"},"content":{"rendered":"\t\t<div data-elementor-type=\"wp-page\" data-elementor-id=\"11\" class=\"elementor elementor-11\">\n\t\t\t\t<div class=\"elementor-element elementor-element-61138ee2 e-con-full e-flex e-con e-parent\" data-id=\"61138ee2\" data-element_type=\"container\" data-e-type=\"container\" data-settings=\"{&quot;background_background&quot;:&quot;slideshow&quot;,&quot;background_slideshow_gallery&quot;:[{&quot;id&quot;:948,&quot;url&quot;:&quot;https:\\\/\\\/www.mirhasperu.org\\\/web\\\/wp-content\\\/uploads\\\/2024\\\/09\\\/Imagen15-1280-600.jpg&quot;},{&quot;id&quot;:946,&quot;url&quot;:&quot;https:\\\/\\\/www.mirhasperu.org\\\/web\\\/wp-content\\\/uploads\\\/2024\\\/09\\\/Imagen14-1280-600.jpg&quot;},{&quot;id&quot;:945,&quot;url&quot;:&quot;https:\\\/\\\/www.mirhasperu.org\\\/web\\\/wp-content\\\/uploads\\\/2024\\\/09\\\/Imagen13-1280-600.jpg&quot;},{&quot;id&quot;:944,&quot;url&quot;:&quot;https:\\\/\\\/www.mirhasperu.org\\\/web\\\/wp-content\\\/uploads\\\/2024\\\/09\\\/Imagen12-1280-600.jpg&quot;},{&quot;id&quot;:943,&quot;url&quot;:&quot;https:\\\/\\\/www.mirhasperu.org\\\/web\\\/wp-content\\\/uploads\\\/2024\\\/09\\\/Imagen11-1280-600.jpg&quot;},{&quot;id&quot;:942,&quot;url&quot;:&quot;https:\\\/\\\/www.mirhasperu.org\\\/web\\\/wp-content\\\/uploads\\\/2024\\\/09\\\/Imagen10-1280-600.jpg&quot;},{&quot;id&quot;:941,&quot;url&quot;:&quot;https:\\\/\\\/www.mirhasperu.org\\\/web\\\/wp-content\\\/uploads\\\/2024\\\/09\\\/Imagen09-1280-600.jpg&quot;},{&quot;id&quot;:940,&quot;url&quot;:&quot;https:\\\/\\\/www.mirhasperu.org\\\/web\\\/wp-content\\\/uploads\\\/2024\\\/09\\\/Imagen08-1280-600.jpg&quot;},{&quot;id&quot;:939,&quot;url&quot;:&quot;https:\\\/\\\/www.mirhasperu.org\\\/web\\\/wp-content\\\/uploads\\\/2024\\\/09\\\/Imagen07-1280-600.jpg&quot;},{&quot;id&quot;:938,&quot;url&quot;:&quot;https:\\\/\\\/www.mirhasperu.org\\\/web\\\/wp-content\\\/uploads\\\/2024\\\/09\\\/Imagen06-1280-600.jpg&quot;},{&quot;id&quot;:937,&quot;url&quot;:&quot;https:\\\/\\\/www.mirhasperu.org\\\/web\\\/wp-content\\\/uploads\\\/2024\\\/09\\\/Imagen05-1280-600.jpg&quot;},{&quot;id&quot;:936,&quot;url&quot;:&quot;https:\\\/\\\/www.mirhasperu.org\\\/web\\\/wp-content\\\/uploads\\\/2024\\\/09\\\/Imagen04-1280-600.jpg&quot;},{&quot;id&quot;:935,&quot;url&quot;:&quot;https:\\\/\\\/www.mirhasperu.org\\\/web\\\/wp-content\\\/uploads\\\/2024\\\/09\\\/Imagen03-1280-600.jpg&quot;},{&quot;id&quot;:934,&quot;url&quot;:&quot;https:\\\/\\\/www.mirhasperu.org\\\/web\\\/wp-content\\\/uploads\\\/2024\\\/09\\\/Imagen02-1280-600.jpg&quot;},{&quot;id&quot;:933,&quot;url&quot;:&quot;https:\\\/\\\/www.mirhasperu.org\\\/web\\\/wp-content\\\/uploads\\\/2024\\\/09\\\/Imagen01-1280-600.jpg&quot;},{&quot;id&quot;:49,&quot;url&quot;:&quot;https:\\\/\\\/www.mirhasperu.org\\\/web\\\/wp-content\\\/uploads\\\/2024\\\/08\\\/Fotos-pagina-portada.png&quot;},{&quot;id&quot;:48,&quot;url&quot;:&quot;https:\\\/\\\/www.mirhasperu.org\\\/web\\\/wp-content\\\/uploads\\\/2024\\\/08\\\/cocina.png&quot;},{&quot;id&quot;:47,&quot;url&quot;:&quot;https:\\\/\\\/www.mirhasperu.org\\\/web\\\/wp-content\\\/uploads\\\/2024\\\/08\\\/20190520_123746.jpg&quot;},{&quot;id&quot;:54,&quot;url&quot;:&quot;https:\\\/\\\/www.mirhasperu.org\\\/web\\\/wp-content\\\/uploads\\\/2024\\\/08\\\/portada.png&quot;},{&quot;id&quot;:58,&quot;url&quot;:&quot;https:\\\/\\\/www.mirhasperu.org\\\/web\\\/wp-content\\\/uploads\\\/2024\\\/08\\\/portada6.jpg&quot;},{&quot;id&quot;:57,&quot;url&quot;:&quot;https:\\\/\\\/www.mirhasperu.org\\\/web\\\/wp-content\\\/uploads\\\/2024\\\/08\\\/portada5.jpg&quot;},{&quot;id&quot;:55,&quot;url&quot;:&quot;https:\\\/\\\/www.mirhasperu.org\\\/web\\\/wp-content\\\/uploads\\\/2024\\\/08\\\/portada1.jpg&quot;},{&quot;id&quot;:53,&quot;url&quot;:&quot;https:\\\/\\\/www.mirhasperu.org\\\/web\\\/wp-content\\\/uploads\\\/2024\\\/08\\\/monteazul.png&quot;},{&quot;id&quot;:51,&quot;url&quot;:&quot;https:\\\/\\\/www.mirhasperu.org\\\/web\\\/wp-content\\\/uploads\\\/2024\\\/08\\\/IMG_5716.jpg&quot;}],&quot;background_slideshow_slide_transition&quot;:&quot;slide_right&quot;,&quot;background_slideshow_loop&quot;:&quot;yes&quot;,&quot;background_slideshow_slide_duration&quot;:5000,&quot;background_slideshow_transition_duration&quot;:500}\">\n\t\t<div class=\"elementor-element elementor-element-7d2246e8 e-con-full e-flex e-con e-child\" data-id=\"7d2246e8\" data-element_type=\"container\" data-e-type=\"container\">\n\t\t\t\t<div class=\"elementor-element elementor-element-264a57e8 elementor-invisible elementor-widget elementor-widget-text-editor\" data-id=\"264a57e8\" data-element_type=\"widget\" data-e-type=\"widget\" data-settings=\"{&quot;_animation&quot;:&quot;fadeIn&quot;}\" data-widget_type=\"text-editor.default\">\n\t\t\t\t<div class=\"elementor-widget-container\">\n\t\t\t\t\t\t\t\t\t<h1 style=\"padding-left: 40px;\"><strong><span style=\"color: #ffffff;\">\u00a0MIRHAS PERU &#8211; Asociaci\u00f3n civil, no gubernamental, sin fines de lucro<\/span><\/strong><strong style=\"font-family: Lato, sans-serif; font-size: 30px; text-align: var(--text-align);\"><span style=\"color: #ffffff;\">.\u00a0<\/span><\/strong><\/h1>\t\t\t\t\t\t\t\t<\/div>\n\t\t\t\t<\/div>\n\t\t\t\t<\/div>\n\t\t\t\t<\/div>\n\t\t<div class=\"elementor-element elementor-element-6ae629c e-flex e-con-boxed e-con e-parent\" data-id=\"6ae629c\" data-element_type=\"container\" data-e-type=\"container\">\n\t\t\t\t\t<div class=\"e-con-inner\">\n\t\t<div class=\"elementor-element elementor-element-c52892e e-con-full e-flex e-con e-child\" data-id=\"c52892e\" data-element_type=\"container\" data-e-type=\"container\">\n\t\t\t\t<div class=\"elementor-element elementor-element-d50907a elementor-invisible elementor-widget elementor-widget-heading\" data-id=\"d50907a\" data-element_type=\"widget\" data-e-type=\"widget\" data-settings=\"{&quot;_animation&quot;:&quot;fadeInDown&quot;}\" data-widget_type=\"heading.default\">\n\t\t\t\t<div class=\"elementor-widget-container\">\n\t\t\t\t\t<h1 class=\"elementor-heading-title elementor-size-default\">Qui\u00e9nes somos<\/h1>\t\t\t\t<\/div>\n\t\t\t\t<\/div>\n\t\t\t\t<div class=\"elementor-element elementor-element-f3ff268 elementor-invisible elementor-widget elementor-widget-text-editor\" data-id=\"f3ff268\" data-element_type=\"widget\" data-e-type=\"widget\" data-settings=\"{&quot;_animation&quot;:&quot;fadeInUp&quot;}\" data-widget_type=\"text-editor.default\">\n\t\t\t\t<div class=\"elementor-widget-container\">\n\t\t\t\t\t\t\t\t\tMirhas Per\u00fa, es una asociaci\u00f3n civil sin fines de lucro constituida el 14 de setiembre de 1984 y con registro APCI indeterminado, que busca promover el desarrollo integral de los menos favorecidos. Promover el desarrollo sostenible involucra mejorar\u00a0 las condiciones de vida en los aspectos de salud, educaci\u00f3n, saneamiento, ambiente, producci\u00f3n, g\u00e9nero.\t\t\t\t\t\t\t\t<\/div>\n\t\t\t\t<\/div>\n\t\t\t\t<\/div>\n\t\t\t\t\t<\/div>\n\t\t\t\t<\/div>\n\t\t<div class=\"elementor-element elementor-element-d69c145 e-flex e-con-boxed e-con e-parent\" data-id=\"d69c145\" data-element_type=\"container\" data-e-type=\"container\">\n\t\t\t\t\t<div class=\"e-con-inner\">\n\t\t<div class=\"elementor-element elementor-element-010ae12 e-con-full e-flex e-con e-child\" data-id=\"010ae12\" data-element_type=\"container\" data-e-type=\"container\">\n\t\t\t\t<\/div>\n\t\t<div class=\"elementor-element elementor-element-227e8be e-con-full e-flex e-con e-child\" data-id=\"227e8be\" data-element_type=\"container\" data-e-type=\"container\">\n\t\t\t\t<div class=\"elementor-element elementor-element-3ab02f9 elementor-invisible elementor-widget elementor-widget-image\" data-id=\"3ab02f9\" data-element_type=\"widget\" data-e-type=\"widget\" data-settings=\"{&quot;_animation&quot;:&quot;fadeIn&quot;}\" data-widget_type=\"image.default\">\n\t\t\t\t<div class=\"elementor-widget-container\">\n\t\t\t\t\t\t\t\t\t\t\t\t\t\t\t<img fetchpriority=\"high\" decoding=\"async\" width=\"508\" height=\"379\" src=\"https:\/\/www.mirhasperu.org\/web\/wp-content\/uploads\/2024\/08\/posrtada3.png\" class=\"attachment-large size-large wp-image-232\" alt=\"\" srcset=\"https:\/\/www.mirhasperu.org\/web\/wp-content\/uploads\/2024\/08\/posrtada3.png 508w, https:\/\/www.mirhasperu.org\/web\/wp-content\/uploads\/2024\/08\/posrtada3-300x224.png 300w\" sizes=\"(max-width: 508px) 100vw, 508px\" \/>\t\t\t\t\t\t\t\t\t\t\t\t\t\t\t<\/div>\n\t\t\t\t<\/div>\n\t\t\t\t<\/div>\n\t\t<div class=\"elementor-element elementor-element-f64c6ba e-con-full e-flex e-con e-child\" data-id=\"f64c6ba\" data-element_type=\"container\" data-e-type=\"container\">\n\t\t\t\t<\/div>\n\t\t\t\t\t<\/div>\n\t\t\t\t<\/div>\n\t\t<div class=\"elementor-element elementor-element-df2802a e-flex e-con-boxed elementor-invisible e-con e-parent\" data-id=\"df2802a\" data-element_type=\"container\" data-e-type=\"container\" data-settings=\"{&quot;background_background&quot;:&quot;classic&quot;,&quot;animation&quot;:&quot;slideInUp&quot;}\">\n\t\t\t\t\t<div class=\"e-con-inner\">\n\t\t<div class=\"elementor-element elementor-element-28924c2 e-con-full e-flex e-con e-child\" data-id=\"28924c2\" data-element_type=\"container\" data-e-type=\"container\" data-settings=\"{&quot;background_background&quot;:&quot;classic&quot;}\">\n\t\t\t\t<div class=\"elementor-element elementor-element-e82f49d elementor-widget elementor-widget-heading\" data-id=\"e82f49d\" data-element_type=\"widget\" data-e-type=\"widget\" data-widget_type=\"heading.default\">\n\t\t\t\t<div class=\"elementor-widget-container\">\n\t\t\t\t\t<h2 class=\"elementor-heading-title elementor-size-default\">Nuestro Prop\u00f3sito<\/h2>\t\t\t\t<\/div>\n\t\t\t\t<\/div>\n\t\t\t\t<div class=\"elementor-element elementor-element-498ade4 elementor-widget elementor-widget-text-editor\" data-id=\"498ade4\" data-element_type=\"widget\" data-e-type=\"widget\" data-widget_type=\"text-editor.default\">\n\t\t\t\t<div class=\"elementor-widget-container\">\n\t\t\t\t\t\t\t\t\t<p>Satisfacer las necesidades individuales y sociales de las personas, mediante una din\u00e1mica de desarrollo integral donde se resuelven los problemas de salud, saneamiento b\u00e1sico, medio ambiente, educaci\u00f3n, gobernabilidad, vivienda, recreaci\u00f3n y trabajo, con la participaci\u00f3n activa de la comunidad y de las autoridades municipales.<\/p>\t\t\t\t\t\t\t\t<\/div>\n\t\t\t\t<\/div>\n\t\t\t\t<\/div>\n\t\t\t\t\t<\/div>\n\t\t\t\t<\/div>\n\t\t<div class=\"elementor-element elementor-element-cb2bb3b e-flex e-con-boxed elementor-invisible e-con e-parent\" data-id=\"cb2bb3b\" data-element_type=\"container\" data-e-type=\"container\" data-settings=\"{&quot;animation&quot;:&quot;pulse&quot;}\">\n\t\t\t\t\t<div class=\"e-con-inner\">\n\t\t<div class=\"elementor-element elementor-element-3727950 e-con-full e-flex e-con e-child\" data-id=\"3727950\" data-element_type=\"container\" data-e-type=\"container\" data-settings=\"{&quot;background_background&quot;:&quot;classic&quot;}\">\n\t\t\t\t<div class=\"elementor-element elementor-element-237747a elementor-widget elementor-widget-text-editor\" data-id=\"237747a\" data-element_type=\"widget\" data-e-type=\"widget\" data-widget_type=\"text-editor.default\">\n\t\t\t\t<div class=\"elementor-widget-container\">\n\t\t\t\t\t\t\t\t\t<p>MIRHAS PER\u00da, es una asociaci\u00f3n civil, unida por su capacidad para actuar como \u201cfacilitadora social\u201d, que busca la construcci\u00f3n de un h\u00e1bitat rural que satisfaga las necesidades individuales y sociales de las personas mediante una din\u00e1mica de desarrollo integral que resuelva los problemas de salud, saneamiento b\u00e1sico, medio ambiente, educaci\u00f3n, vivienda, recreaci\u00f3n y trabajo, con la participaci\u00f3n de la comunidad.<\/p>\t\t\t\t\t\t\t\t<\/div>\n\t\t\t\t<\/div>\n\t\t\t\t<\/div>\n\t\t<div class=\"elementor-element elementor-element-02e377f e-con-full e-flex e-con e-child\" data-id=\"02e377f\" data-element_type=\"container\" data-e-type=\"container\">\n\t\t\t\t<div class=\"elementor-element elementor-element-1c0684a elementor-widget elementor-widget-heading\" data-id=\"1c0684a\" data-element_type=\"widget\" data-e-type=\"widget\" data-widget_type=\"heading.default\">\n\t\t\t\t<div class=\"elementor-widget-container\">\n\t\t\t\t\t<h2 class=\"elementor-heading-title elementor-size-default\">Misi\u00f3n<\/h2>\t\t\t\t<\/div>\n\t\t\t\t<\/div>\n\t\t\t\t<\/div>\n\t\t<div class=\"elementor-element elementor-element-cf80f1f e-con-full e-flex e-con e-child\" data-id=\"cf80f1f\" data-element_type=\"container\" data-e-type=\"container\">\n\t\t\t\t<div class=\"elementor-element elementor-element-69cd7e6 elementor-widget elementor-widget-heading\" data-id=\"69cd7e6\" data-element_type=\"widget\" data-e-type=\"widget\" data-widget_type=\"heading.default\">\n\t\t\t\t<div class=\"elementor-widget-container\">\n\t\t\t\t\t<h2 class=\"elementor-heading-title elementor-size-default\">Visi\u00f3n<\/h2>\t\t\t\t<\/div>\n\t\t\t\t<\/div>\n\t\t\t\t<\/div>\n\t\t<div class=\"elementor-element elementor-element-ae7efac e-con-full e-flex e-con e-child\" data-id=\"ae7efac\" data-element_type=\"container\" data-e-type=\"container\" data-settings=\"{&quot;background_background&quot;:&quot;classic&quot;}\">\n\t\t\t\t<div class=\"elementor-element elementor-element-283fb65 elementor-widget elementor-widget-text-editor\" data-id=\"283fb65\" data-element_type=\"widget\" data-e-type=\"widget\" data-widget_type=\"text-editor.default\">\n\t\t\t\t<div class=\"elementor-widget-container\">\n\t\t\t\t\t\t\t\t\t<p>Hacer que las comunidades rurales, del \u00e1mbito de su influencia, sean generadoras de su propio desarrollo y, a la vez, capaces de constituirse como modelos en la Regi\u00f3n, en el manejo adecuado de medio ambiente, saneamiento b\u00e1sico, salud y educaci\u00f3n, con el prop\u00f3sito de mejorar, sustancialmente, su H\u00c1BITAT.<\/p>\t\t\t\t\t\t\t\t<\/div>\n\t\t\t\t<\/div>\n\t\t\t\t<\/div>\n\t\t\t\t\t<\/div>\n\t\t\t\t<\/div>\n\t\t<div class=\"elementor-element elementor-element-10dd2a9 e-flex e-con-boxed elementor-invisible e-con e-parent\" data-id=\"10dd2a9\" data-element_type=\"container\" data-e-type=\"container\" data-settings=\"{&quot;animation&quot;:&quot;pulse&quot;}\">\n\t\t\t\t\t<div class=\"e-con-inner\">\n\t\t<div class=\"elementor-element elementor-element-c51a1f2 e-con-full e-flex e-con e-child\" data-id=\"c51a1f2\" data-element_type=\"container\" data-e-type=\"container\" data-settings=\"{&quot;background_background&quot;:&quot;classic&quot;}\">\n\t\t\t\t<div class=\"elementor-element elementor-element-9b34749 elementor-widget elementor-widget-text-editor\" data-id=\"9b34749\" data-element_type=\"widget\" data-e-type=\"widget\" data-widget_type=\"text-editor.default\">\n\t\t\t\t<div class=\"elementor-widget-container\">\n\t\t\t\t\t\t\t\t\t<p><strong>Objetivos: <\/strong><\/p><ol><li>La realizaci\u00f3n de un h\u00e1bitat que satisfaga las necesidades individuales y sociales de las personas, mediante una din\u00e1mica de desarrollo integral donde se resuelven los problemas de salud, saneamiento b\u00e1sico, medio ambiente, educaci\u00f3n, gobernabilidad, vivienda, recreaci\u00f3n y trabajo, con la participaci\u00f3n activa de la comunidad y de las autoridades municipales, as\u00ed como del fortalecimiento de capacidades con enfoque de g\u00e9nero.<\/li><li>La b\u00fasqueda de respuestas de calidad sociales, econ\u00f3micas, constructivas, urbanistas, arquitect\u00f3nicas a la problem\u00e1tica de los asentamientos populares a fin de dar soluciones a partir de las condiciones de la realidad y mediante la utilizaci\u00f3n de recursos locales de tal manera que en su desarrollo se establezcan v\u00ednculos entre el individuo, su familia y la comunidad.<\/li><li>Investigar m\u00e9todos constructivos, soluciones arquitect\u00f3nicas y tecnol\u00f3gicas a fin de dar respuestas aplicables a la construcci\u00f3n de una vivienda saludable, al alcance de las poblaciones rurales para que satisfagan sus necesidades b\u00e1sicas: agua, eliminaci\u00f3n de excretas, energ\u00eda y ambientaci\u00f3n.<\/li><li>Promover la creaci\u00f3n de fuentes de trabajo a partir de la organizaci\u00f3n de productoras y productores emprendedores en talleres, micro y peque\u00f1as empresas.<\/li><li>Fomentar actividades de capacitaci\u00f3n t\u00e9cnica y de recreaci\u00f3n: educativas, productivas, medio ambiente, salud y saneamiento, vivienda saludable, innovaci\u00f3n tecnol\u00f3gica, gobernabilidad, derechos humanos, equidad de g\u00e9nero, culturales, art\u00edsticas y deportivas orientadas al desarrollo de la comunidad.<\/li><li>Difundir la filosof\u00eda de MIRHAS-PERU, las experiencias, investigaciones.<\/li><li>Fomentar, apoyar y crear instituciones que tengan como objetivo impulsar o ejecutar programas relacionados con el h\u00e1bitat social.<\/li><li>Desarrollar una coordinaci\u00f3n interinstitucional, orientada a una racionalidad de acciones, a trav\u00e9s de una planificaci\u00f3n concertada, para beneficio de la comunidad.<\/li><\/ol>\t\t\t\t\t\t\t\t<\/div>\n\t\t\t\t<\/div>\n\t\t\t\t<\/div>\n\t\t<div class=\"elementor-element elementor-element-3fe35ac e-con-full e-flex e-con e-child\" data-id=\"3fe35ac\" data-element_type=\"container\" data-e-type=\"container\">\n\t\t\t\t<div class=\"elementor-element elementor-element-8acbac5 elementor-widget elementor-widget-heading\" data-id=\"8acbac5\" data-element_type=\"widget\" data-e-type=\"widget\" data-widget_type=\"heading.default\">\n\t\t\t\t<div class=\"elementor-widget-container\">\n\t\t\t\t\t<h2 class=\"elementor-heading-title elementor-size-default\">Objetivos<\/h2>\t\t\t\t<\/div>\n\t\t\t\t<\/div>\n\t\t\t\t<\/div>\n\t\t\t\t\t<\/div>\n\t\t\t\t<\/div>\n\t\t<div class=\"elementor-element elementor-element-1518b46 e-flex e-con-boxed e-con e-parent\" data-id=\"1518b46\" data-element_type=\"container\" data-e-type=\"container\">\n\t\t\t\t\t<div class=\"e-con-inner\">\n\t\t<div class=\"elementor-element elementor-element-a186731 e-con-full e-flex e-con e-child\" data-id=\"a186731\" data-element_type=\"container\" data-e-type=\"container\">\n\t\t\t\t<div class=\"elementor-element elementor-element-5ea400f elementor-widget elementor-widget-heading\" data-id=\"5ea400f\" data-element_type=\"widget\" data-e-type=\"widget\" data-widget_type=\"heading.default\">\n\t\t\t\t<div class=\"elementor-widget-container\">\n\t\t\t\t\t<h2 class=\"elementor-heading-title elementor-size-default\">Organigrama Mirhas - Per\u00fa<\/h2>\t\t\t\t<\/div>\n\t\t\t\t<\/div>\n\t\t\t\t<div class=\"elementor-element elementor-element-87f0449 elementor-widget elementor-widget-image\" data-id=\"87f0449\" data-element_type=\"widget\" data-e-type=\"widget\" data-widget_type=\"image.default\">\n\t\t\t\t<div class=\"elementor-widget-container\">\n\t\t\t\t\t\t\t\t\t\t\t\t\t\t\t<img decoding=\"async\" width=\"750\" height=\"422\" src=\"https:\/\/www.mirhasperu.org\/web\/wp-content\/uploads\/2024\/08\/Organigrama-1-1024x576.jpg\" class=\"attachment-large size-large wp-image-238\" alt=\"\" srcset=\"https:\/\/www.mirhasperu.org\/web\/wp-content\/uploads\/2024\/08\/Organigrama-1-1024x576.jpg 1024w, https:\/\/www.mirhasperu.org\/web\/wp-content\/uploads\/2024\/08\/Organigrama-1-300x169.jpg 300w, https:\/\/www.mirhasperu.org\/web\/wp-content\/uploads\/2024\/08\/Organigrama-1-768x432.jpg 768w, https:\/\/www.mirhasperu.org\/web\/wp-content\/uploads\/2024\/08\/Organigrama-1.jpg 1280w\" sizes=\"(max-width: 750px) 100vw, 750px\" \/>\t\t\t\t\t\t\t\t\t\t\t\t\t\t\t<\/div>\n\t\t\t\t<\/div>\n\t\t\t\t<\/div>\n\t\t\t\t\t<\/div>\n\t\t\t\t<\/div>\n\t\t<div class=\"elementor-element elementor-element-0aa4fef e-flex e-con-boxed e-con e-parent\" data-id=\"0aa4fef\" data-element_type=\"container\" data-e-type=\"container\">\n\t\t\t\t\t<div class=\"e-con-inner\">\n\t\t<div class=\"elementor-element elementor-element-b40e5b2 e-con-full e-flex e-con e-child\" data-id=\"b40e5b2\" data-element_type=\"container\" data-e-type=\"container\">\n\t\t\t\t<div class=\"elementor-element elementor-element-e5e1083 elementor-widget elementor-widget-heading\" data-id=\"e5e1083\" data-element_type=\"widget\" data-e-type=\"widget\" data-widget_type=\"heading.default\">\n\t\t\t\t<div class=\"elementor-widget-container\">\n\t\t\t\t\t<h2 class=\"elementor-heading-title elementor-size-default\">Socios<\/h2>\t\t\t\t<\/div>\n\t\t\t\t<\/div>\n\t\t\t\t<\/div>\n\t\t<div class=\"elementor-element elementor-element-b1fc4c1 e-con-full e-flex e-con e-child\" data-id=\"b1fc4c1\" data-element_type=\"container\" data-e-type=\"container\">\n\t\t\t\t<div class=\"elementor-element elementor-element-649edda elementor-widget elementor-widget-text-editor\" data-id=\"649edda\" data-element_type=\"widget\" data-e-type=\"widget\" data-widget_type=\"text-editor.default\">\n\t\t\t\t<div class=\"elementor-widget-container\">\n\t\t\t\t\t\t\t\t\t<table style=\"height: 228px;\" width=\"5\"><tbody><tr><td width=\"200\"><h5><strong>Nombres y Apellidos<\/strong><\/h5><\/td><td width=\"150\"><h5><strong>Cargo<\/strong><\/h5><\/td><\/tr><tr><td width=\"200\"><p>GONZALO ALVARO URDAY SALOMON<\/p><\/td><td width=\"150\"><p>PRESIDENTE<\/p><\/td><\/tr><tr><td width=\"200\"><p>IVAN QUINTO TIMARCHI GARCIA<\/p><\/td><td width=\"150\"><p>SECRETARIO<\/p><\/td><\/tr><tr><td width=\"200\"><p>MALENA TIMARCHI GARCIA<\/p><\/td><td width=\"150\"><p>TESORERA<\/p><\/td><\/tr><tr><td width=\"200\"><p>JORGE JUAREZ CASTILLO<\/p><\/td><td width=\"150\"><p>PRO TESORERO<\/p><\/td><\/tr><tr><td width=\"200\"><p>NICOLAS OBANDO BOBADILLA<\/p><\/td><td width=\"150\"><p>PRO SECRETARIO<\/p><\/td><\/tr><\/tbody><\/table>\t\t\t\t\t\t\t\t<\/div>\n\t\t\t\t<\/div>\n\t\t\t\t<\/div>\n\t\t\t\t\t<\/div>\n\t\t\t\t<\/div>\n\t\t<div class=\"elementor-element elementor-element-93c3685 e-flex e-con-boxed e-con e-parent\" data-id=\"93c3685\" data-element_type=\"container\" data-e-type=\"container\">\n\t\t\t\t\t<div class=\"e-con-inner\">\n\t\t<div class=\"elementor-element elementor-element-209dd90 e-con-full e-flex e-con e-child\" data-id=\"209dd90\" data-element_type=\"container\" data-e-type=\"container\">\n\t\t\t\t<div class=\"elementor-element elementor-element-06f6af6 elementor-widget elementor-widget-heading\" data-id=\"06f6af6\" data-element_type=\"widget\" data-e-type=\"widget\" data-widget_type=\"heading.default\">\n\t\t\t\t<div class=\"elementor-widget-container\">\n\t\t\t\t\t<h2 class=\"elementor-heading-title elementor-size-default\">Equipo de Trabajo Base<\/h2>\t\t\t\t<\/div>\n\t\t\t\t<\/div>\n\t\t\t\t<\/div>\n\t\t<div class=\"elementor-element elementor-element-0c96a05 e-con-full e-flex e-con e-child\" data-id=\"0c96a05\" data-element_type=\"container\" data-e-type=\"container\">\n\t\t\t\t<div class=\"elementor-element elementor-element-f020dff elementor-widget elementor-widget-text-editor\" data-id=\"f020dff\" data-element_type=\"widget\" data-e-type=\"widget\" data-widget_type=\"text-editor.default\">\n\t\t\t\t<div class=\"elementor-widget-container\">\n\t\t\t\t\t\t\t\t\t<table style=\"height: 228px;\" width=\"5\"><tbody><tr><td width=\"200\"><h5><strong>Nombres y Apellidos<\/strong><\/h5><\/td><td width=\"150\"><h5><strong>Cargo<\/strong><\/h5><\/td><\/tr><tr><td width=\"200\"><p>VERONICA VALENZA VALVERDE<\/p><\/td><td width=\"150\"><p>SALUD Y SANEAMIENTO<\/p><\/td><\/tr><tr><td width=\"200\"><p>JOSE MANUEL CALLE ALZAMORA<\/p><\/td><td width=\"150\"><p>CONTABILIDAD<\/p><\/td><\/tr><tr><td width=\"200\"><p>GUISELLA NAMUCHE PINDAY<\/p><\/td><td width=\"150\"><p>EDUCACION<\/p><\/td><\/tr><tr><td width=\"200\"><p>CARLOS CALLE PALACIOS<\/p><\/td><td width=\"150\"><p>COORDINADOR<\/p><\/td><\/tr><\/tbody><\/table>\t\t\t\t\t\t\t\t<\/div>\n\t\t\t\t<\/div>\n\t\t\t\t<\/div>\n\t\t\t\t\t<\/div>\n\t\t\t\t<\/div>\n\t\t\t\t<\/div>\n\t\t","protected":false},"excerpt":{"rendered":"<p>\u00a0MIRHAS PERU &#8211; Asociaci\u00f3n civil, no gubernamental, sin fines de lucro.\u00a0 Qui\u00e9nes somos Mirhas Per\u00fa, es una asociaci\u00f3n civil sin fines de lucro constituida el 14 de setiembre de 1984 y con registro APCI indeterminado, que busca promover el desarrollo<\/p>\n","protected":false},"author":1,"featured_media":0,"parent":0,"menu_order":0,"comment_status":"closed","ping_status":"closed","template":"","meta":{"footnotes":""},"class_list":["post-11","page","type-page","status-publish","hentry"],"_links":{"self":[{"href":"https:\/\/www.mirhasperu.org\/web\/index.php?rest_route=\/wp\/v2\/pages\/11","targetHints":{"allow":["GET"]}}],"collection":[{"href":"https:\/\/www.mirhasperu.org\/web\/index.php?rest_route=\/wp\/v2\/pages"}],"about":[{"href":"https:\/\/www.mirhasperu.org\/web\/index.php?rest_route=\/wp\/v2\/types\/page"}],"author":[{"embeddable":true,"href":"https:\/\/www.mirhasperu.org\/web\/index.php?rest_route=\/wp\/v2\/users\/1"}],"replies":[{"embeddable":true,"href":"https:\/\/www.mirhasperu.org\/web\/index.php?rest_route=%2Fwp%2Fv2%2Fcomments&post=11"}],"version-history":[{"count":55,"href":"https:\/\/www.mirhasperu.org\/web\/index.php?rest_route=\/wp\/v2\/pages\/11\/revisions"}],"predecessor-version":[{"id":957,"href":"https:\/\/www.mirhasperu.org\/web\/index.php?rest_route=\/wp\/v2\/pages\/11\/revisions\/957"}],"wp:attachment":[{"href":"https:\/\/www.mirhasperu.org\/web\/index.php?rest_route=%2Fwp%2Fv2%2Fmedia&parent=11"}],"curies":[{"name":"wp","href":"https:\/\/api.w.org\/{rel}","templated":true}]}}