{"id":10,"date":"2024-08-27T23:50:19","date_gmt":"2024-08-27T23:50:19","guid":{"rendered":"https:\/\/www.mirhasperu.org\/web\/?page_id=10"},"modified":"2024-10-01T15:55:06","modified_gmt":"2024-10-01T15:55:06","slug":"inicio","status":"publish","type":"page","link":"https:\/\/www.mirhasperu.org\/web\/","title":{"rendered":"Inicio"},"content":{"rendered":"\t\t<div data-elementor-type=\"wp-page\" data-elementor-id=\"10\" class=\"elementor elementor-10\">\n\t\t\t\t<div class=\"elementor-element elementor-element-443082e e-con-full e-flex e-con e-parent\" data-id=\"443082e\" data-element_type=\"container\" data-e-type=\"container\" data-settings=\"{&quot;background_background&quot;:&quot;slideshow&quot;,&quot;background_slideshow_gallery&quot;:[{&quot;id&quot;:58,&quot;url&quot;:&quot;https:\\\/\\\/www.mirhasperu.org\\\/web\\\/wp-content\\\/uploads\\\/2024\\\/08\\\/portada6.jpg&quot;},{&quot;id&quot;:57,&quot;url&quot;:&quot;https:\\\/\\\/www.mirhasperu.org\\\/web\\\/wp-content\\\/uploads\\\/2024\\\/08\\\/portada5.jpg&quot;},{&quot;id&quot;:55,&quot;url&quot;:&quot;https:\\\/\\\/www.mirhasperu.org\\\/web\\\/wp-content\\\/uploads\\\/2024\\\/08\\\/portada1.jpg&quot;},{&quot;id&quot;:51,&quot;url&quot;:&quot;https:\\\/\\\/www.mirhasperu.org\\\/web\\\/wp-content\\\/uploads\\\/2024\\\/08\\\/IMG_5716.jpg&quot;},{&quot;id&quot;:53,&quot;url&quot;:&quot;https:\\\/\\\/www.mirhasperu.org\\\/web\\\/wp-content\\\/uploads\\\/2024\\\/08\\\/monteazul.png&quot;},{&quot;id&quot;:54,&quot;url&quot;:&quot;https:\\\/\\\/www.mirhasperu.org\\\/web\\\/wp-content\\\/uploads\\\/2024\\\/08\\\/portada.png&quot;},{&quot;id&quot;:49,&quot;url&quot;:&quot;https:\\\/\\\/www.mirhasperu.org\\\/web\\\/wp-content\\\/uploads\\\/2024\\\/08\\\/Fotos-pagina-portada.png&quot;},{&quot;id&quot;:48,&quot;url&quot;:&quot;https:\\\/\\\/www.mirhasperu.org\\\/web\\\/wp-content\\\/uploads\\\/2024\\\/08\\\/cocina.png&quot;},{&quot;id&quot;:47,&quot;url&quot;:&quot;https:\\\/\\\/www.mirhasperu.org\\\/web\\\/wp-content\\\/uploads\\\/2024\\\/08\\\/20190520_123746.jpg&quot;},{&quot;id&quot;:933,&quot;url&quot;:&quot;https:\\\/\\\/www.mirhasperu.org\\\/web\\\/wp-content\\\/uploads\\\/2024\\\/09\\\/Imagen01-1280-600.jpg&quot;},{&quot;id&quot;:934,&quot;url&quot;:&quot;https:\\\/\\\/www.mirhasperu.org\\\/web\\\/wp-content\\\/uploads\\\/2024\\\/09\\\/Imagen02-1280-600.jpg&quot;},{&quot;id&quot;:935,&quot;url&quot;:&quot;https:\\\/\\\/www.mirhasperu.org\\\/web\\\/wp-content\\\/uploads\\\/2024\\\/09\\\/Imagen03-1280-600.jpg&quot;},{&quot;id&quot;:936,&quot;url&quot;:&quot;https:\\\/\\\/www.mirhasperu.org\\\/web\\\/wp-content\\\/uploads\\\/2024\\\/09\\\/Imagen04-1280-600.jpg&quot;},{&quot;id&quot;:937,&quot;url&quot;:&quot;https:\\\/\\\/www.mirhasperu.org\\\/web\\\/wp-content\\\/uploads\\\/2024\\\/09\\\/Imagen05-1280-600.jpg&quot;},{&quot;id&quot;:938,&quot;url&quot;:&quot;https:\\\/\\\/www.mirhasperu.org\\\/web\\\/wp-content\\\/uploads\\\/2024\\\/09\\\/Imagen06-1280-600.jpg&quot;},{&quot;id&quot;:939,&quot;url&quot;:&quot;https:\\\/\\\/www.mirhasperu.org\\\/web\\\/wp-content\\\/uploads\\\/2024\\\/09\\\/Imagen07-1280-600.jpg&quot;},{&quot;id&quot;:940,&quot;url&quot;:&quot;https:\\\/\\\/www.mirhasperu.org\\\/web\\\/wp-content\\\/uploads\\\/2024\\\/09\\\/Imagen08-1280-600.jpg&quot;},{&quot;id&quot;:941,&quot;url&quot;:&quot;https:\\\/\\\/www.mirhasperu.org\\\/web\\\/wp-content\\\/uploads\\\/2024\\\/09\\\/Imagen09-1280-600.jpg&quot;},{&quot;id&quot;:942,&quot;url&quot;:&quot;https:\\\/\\\/www.mirhasperu.org\\\/web\\\/wp-content\\\/uploads\\\/2024\\\/09\\\/Imagen10-1280-600.jpg&quot;},{&quot;id&quot;:943,&quot;url&quot;:&quot;https:\\\/\\\/www.mirhasperu.org\\\/web\\\/wp-content\\\/uploads\\\/2024\\\/09\\\/Imagen11-1280-600.jpg&quot;},{&quot;id&quot;:944,&quot;url&quot;:&quot;https:\\\/\\\/www.mirhasperu.org\\\/web\\\/wp-content\\\/uploads\\\/2024\\\/09\\\/Imagen12-1280-600.jpg&quot;},{&quot;id&quot;:945,&quot;url&quot;:&quot;https:\\\/\\\/www.mirhasperu.org\\\/web\\\/wp-content\\\/uploads\\\/2024\\\/09\\\/Imagen13-1280-600.jpg&quot;},{&quot;id&quot;:946,&quot;url&quot;:&quot;https:\\\/\\\/www.mirhasperu.org\\\/web\\\/wp-content\\\/uploads\\\/2024\\\/09\\\/Imagen14-1280-600.jpg&quot;},{&quot;id&quot;:948,&quot;url&quot;:&quot;https:\\\/\\\/www.mirhasperu.org\\\/web\\\/wp-content\\\/uploads\\\/2024\\\/09\\\/Imagen15-1280-600.jpg&quot;}],&quot;background_slideshow_slide_transition&quot;:&quot;slide_right&quot;,&quot;background_slideshow_loop&quot;:&quot;yes&quot;,&quot;background_slideshow_slide_duration&quot;:5000,&quot;background_slideshow_transition_duration&quot;:500}\">\n\t\t<div class=\"elementor-element elementor-element-0c41236 e-con-full e-flex e-con e-child\" data-id=\"0c41236\" data-element_type=\"container\" data-e-type=\"container\">\n\t\t\t\t<div class=\"elementor-element elementor-element-6d57a4a elementor-invisible elementor-widget elementor-widget-text-editor\" data-id=\"6d57a4a\" data-element_type=\"widget\" data-e-type=\"widget\" data-settings=\"{&quot;_animation&quot;:&quot;fadeIn&quot;}\" data-widget_type=\"text-editor.default\">\n\t\t\t\t<div class=\"elementor-widget-container\">\n\t\t\t\t\t\t\t\t\t<h2 style=\"padding-left: 40px;\"><strong><span style=\"color: #ffffff;\">MOVIMIENTO PARA LA REALIZACI\u00d3N DEL H\u00c1BITAT SOCIAL \u2013 MIRHAS PERU.<\/span><\/strong><\/h2>\t\t\t\t\t\t\t\t<\/div>\n\t\t\t\t<\/div>\n\t\t\t\t<\/div>\n\t\t\t\t<\/div>\n\t\t<div class=\"elementor-element elementor-element-85fb131 e-con-full e-flex e-con e-parent\" data-id=\"85fb131\" data-element_type=\"container\" data-e-type=\"container\">\n\t\t<div class=\"elementor-element elementor-element-d887146 e-con-full e-flex e-con e-child\" data-id=\"d887146\" data-element_type=\"container\" data-e-type=\"container\">\n\t\t\t\t<\/div>\n\t\t<div class=\"elementor-element elementor-element-c83e632 e-con-full e-flex e-con e-child\" data-id=\"c83e632\" data-element_type=\"container\" data-e-type=\"container\">\n\t\t\t\t<div class=\"elementor-element elementor-element-6730de8 elementor-invisible elementor-widget elementor-widget-text-editor\" data-id=\"6730de8\" data-element_type=\"widget\" data-e-type=\"widget\" data-settings=\"{&quot;_animation&quot;:&quot;fadeInUp&quot;}\" data-widget_type=\"text-editor.default\">\n\t\t\t\t<div class=\"elementor-widget-container\">\n\t\t\t\t\t\t\t\t\t<h5>El Movimiento para la Realizaci\u00f3n del H\u00e1bitat Social, es una asociaci\u00f3n civil sin fines de lucro constituida el 14 de setiembre de 1984 y con registro APCI indeterminado, que busca promover el desarrollo integral de los menos favorecidos.<\/h5>\t\t\t\t\t\t\t\t<\/div>\n\t\t\t\t<\/div>\n\t\t\t\t<div class=\"elementor-element elementor-element-03c1d9f elementor-widget elementor-widget-text-editor\" data-id=\"03c1d9f\" data-element_type=\"widget\" data-e-type=\"widget\" data-widget_type=\"text-editor.default\">\n\t\t\t\t<div class=\"elementor-widget-container\">\n\t\t\t\t\t\t\t\t\t<blockquote>Por un desarrollo integral con participaci\u00f3n comunal. <\/blockquote>\t\t\t\t\t\t\t\t<\/div>\n\t\t\t\t<\/div>\n\t\t\t\t<\/div>\n\t\t<div class=\"elementor-element elementor-element-c5fa4ba e-con-full e-flex e-con e-child\" data-id=\"c5fa4ba\" data-element_type=\"container\" data-e-type=\"container\">\n\t\t\t\t<\/div>\n\t\t\t\t<\/div>\n\t\t<div class=\"elementor-element elementor-element-6cfc0a7 e-flex e-con-boxed e-con e-parent\" data-id=\"6cfc0a7\" data-element_type=\"container\" data-e-type=\"container\" data-settings=\"{&quot;background_background&quot;:&quot;classic&quot;}\">\n\t\t\t\t\t<div class=\"e-con-inner\">\n\t\t<div class=\"elementor-element elementor-element-b4ae20e e-con-full e-flex e-con e-child\" data-id=\"b4ae20e\" data-element_type=\"container\" data-e-type=\"container\">\n\t\t\t\t<div class=\"elementor-element elementor-element-8da448a elementor-widget elementor-widget-heading\" data-id=\"8da448a\" data-element_type=\"widget\" data-e-type=\"widget\" data-widget_type=\"heading.default\">\n\t\t\t\t<div class=\"elementor-widget-container\">\n\t\t\t\t\t<h5 class=\"elementor-heading-title elementor-size-default\">Aliados  Estrat\u00e9gicos<\/h5>\t\t\t\t<\/div>\n\t\t\t\t<\/div>\n\t\t\t\t<\/div>\n\t\t\t\t\t<\/div>\n\t\t\t\t<\/div>\n\t\t<div class=\"elementor-element elementor-element-5b50cb0 e-grid e-con-full e-con e-parent\" data-id=\"5b50cb0\" data-element_type=\"container\" data-e-type=\"container\">\n\t\t<div class=\"elementor-element elementor-element-eae7aee e-con-full e-transform e-flex e-con e-child\" data-id=\"eae7aee\" data-element_type=\"container\" data-e-type=\"container\" data-settings=\"{&quot;_transform_rotateZ_effect_hover&quot;:{&quot;unit&quot;:&quot;px&quot;,&quot;size&quot;:&quot;&quot;,&quot;sizes&quot;:[]},&quot;_transform_rotateZ_effect_hover_tablet&quot;:{&quot;unit&quot;:&quot;deg&quot;,&quot;size&quot;:&quot;&quot;,&quot;sizes&quot;:[]},&quot;_transform_rotateZ_effect_hover_mobile&quot;:{&quot;unit&quot;:&quot;deg&quot;,&quot;size&quot;:&quot;&quot;,&quot;sizes&quot;:[]}}\">\n\t\t\t\t<div class=\"elementor-element elementor-element-43a9cc7 e-transform elementor-invisible elementor-widget elementor-widget-image\" data-id=\"43a9cc7\" data-element_type=\"widget\" data-e-type=\"widget\" data-settings=\"{&quot;_animation&quot;:&quot;zoomIn&quot;,&quot;_transform_scale_effect_hover&quot;:{&quot;unit&quot;:&quot;px&quot;,&quot;size&quot;:1.6,&quot;sizes&quot;:[]},&quot;_transform_scale_effect_hover_tablet&quot;:{&quot;unit&quot;:&quot;px&quot;,&quot;size&quot;:&quot;&quot;,&quot;sizes&quot;:[]},&quot;_transform_scale_effect_hover_mobile&quot;:{&quot;unit&quot;:&quot;px&quot;,&quot;size&quot;:&quot;&quot;,&quot;sizes&quot;:[]}}\" data-widget_type=\"image.default\">\n\t\t\t\t<div class=\"elementor-widget-container\">\n\t\t\t\t\t\t\t\t\t\t\t\t\t\t\t\t<a href=\"https:\/\/www.gob.pe\/munichulucanas\" target=\"_blank\">\n\t\t\t\t\t\t\t<img decoding=\"async\" width=\"150\" height=\"150\" src=\"https:\/\/www.mirhasperu.org\/web\/wp-content\/uploads\/2024\/08\/escudochulucanas.png\" class=\"attachment-thumbnail size-thumbnail wp-image-139\" alt=\"Municipalidad Provincial de Morrop\u00f3n Chulucanas\" \/>\t\t\t\t\t\t\t\t<\/a>\n\t\t\t\t\t\t\t\t\t\t\t\t\t\t\t<\/div>\n\t\t\t\t<\/div>\n\t\t\t\t<\/div>\n\t\t<div class=\"elementor-element elementor-element-9a346c4 e-con-full e-flex e-con e-child\" data-id=\"9a346c4\" data-element_type=\"container\" data-e-type=\"container\">\n\t\t\t\t<div class=\"elementor-element elementor-element-51fd151 e-transform elementor-invisible elementor-widget elementor-widget-image\" data-id=\"51fd151\" data-element_type=\"widget\" data-e-type=\"widget\" data-settings=\"{&quot;_animation&quot;:&quot;zoomIn&quot;,&quot;_transform_scale_effect_hover&quot;:{&quot;unit&quot;:&quot;px&quot;,&quot;size&quot;:1.6,&quot;sizes&quot;:[]},&quot;_transform_scale_effect_hover_tablet&quot;:{&quot;unit&quot;:&quot;px&quot;,&quot;size&quot;:&quot;&quot;,&quot;sizes&quot;:[]},&quot;_transform_scale_effect_hover_mobile&quot;:{&quot;unit&quot;:&quot;px&quot;,&quot;size&quot;:&quot;&quot;,&quot;sizes&quot;:[]}}\" data-widget_type=\"image.default\">\n\t\t\t\t<div class=\"elementor-widget-container\">\n\t\t\t\t\t\t\t\t\t\t\t\t\t\t\t\t<a href=\"https:\/\/www.gob.pe\/regionpiura\" target=\"_blank\">\n\t\t\t\t\t\t\t<img decoding=\"async\" width=\"150\" height=\"150\" src=\"https:\/\/www.mirhasperu.org\/web\/wp-content\/uploads\/2024\/08\/logo_grp.png\" class=\"attachment-thumbnail size-thumbnail wp-image-140\" alt=\"\" \/>\t\t\t\t\t\t\t\t<\/a>\n\t\t\t\t\t\t\t\t\t\t\t\t\t\t\t<\/div>\n\t\t\t\t<\/div>\n\t\t\t\t<\/div>\n\t\t<div class=\"elementor-element elementor-element-f529b72 e-con-full e-flex e-con e-child\" data-id=\"f529b72\" data-element_type=\"container\" data-e-type=\"container\">\n\t\t\t\t<div class=\"elementor-element elementor-element-65956bc e-transform elementor-invisible elementor-widget elementor-widget-image\" data-id=\"65956bc\" data-element_type=\"widget\" data-e-type=\"widget\" data-settings=\"{&quot;_animation&quot;:&quot;zoomIn&quot;,&quot;_transform_scale_effect_hover&quot;:{&quot;unit&quot;:&quot;px&quot;,&quot;size&quot;:1.6,&quot;sizes&quot;:[]},&quot;_transform_scale_effect_hover_tablet&quot;:{&quot;unit&quot;:&quot;px&quot;,&quot;size&quot;:&quot;&quot;,&quot;sizes&quot;:[]},&quot;_transform_scale_effect_hover_mobile&quot;:{&quot;unit&quot;:&quot;px&quot;,&quot;size&quot;:&quot;&quot;,&quot;sizes&quot;:[]}}\" data-widget_type=\"image.default\">\n\t\t\t\t<div class=\"elementor-widget-container\">\n\t\t\t\t\t\t\t\t\t\t\t\t\t\t\t\t<a href=\"https:\/\/www.gob.pe\/munilamatanza\" target=\"_blank\">\n\t\t\t\t\t\t\t<img decoding=\"async\" width=\"150\" height=\"150\" src=\"https:\/\/www.mirhasperu.org\/web\/wp-content\/uploads\/2024\/08\/logo_Matanza.png\" class=\"attachment-thumbnail size-thumbnail wp-image-141\" alt=\"\" \/>\t\t\t\t\t\t\t\t<\/a>\n\t\t\t\t\t\t\t\t\t\t\t\t\t\t\t<\/div>\n\t\t\t\t<\/div>\n\t\t\t\t<\/div>\n\t\t<div class=\"elementor-element elementor-element-db4b96d e-con-full e-flex e-con e-child\" data-id=\"db4b96d\" data-element_type=\"container\" data-e-type=\"container\">\n\t\t\t\t<div class=\"elementor-element elementor-element-28409b0 e-transform elementor-invisible elementor-widget elementor-widget-image\" data-id=\"28409b0\" data-element_type=\"widget\" data-e-type=\"widget\" data-settings=\"{&quot;_animation&quot;:&quot;zoomIn&quot;,&quot;_transform_scale_effect_hover&quot;:{&quot;unit&quot;:&quot;px&quot;,&quot;size&quot;:1.6,&quot;sizes&quot;:[]},&quot;_transform_scale_effect_hover_tablet&quot;:{&quot;unit&quot;:&quot;px&quot;,&quot;size&quot;:&quot;&quot;,&quot;sizes&quot;:[]},&quot;_transform_scale_effect_hover_mobile&quot;:{&quot;unit&quot;:&quot;px&quot;,&quot;size&quot;:&quot;&quot;,&quot;sizes&quot;:[]}}\" data-widget_type=\"image.default\">\n\t\t\t\t<div class=\"elementor-widget-container\">\n\t\t\t\t\t\t\t\t\t\t\t\t\t\t\t\t<a href=\"https:\/\/www.gob.pe\/minem\" target=\"_blank\">\n\t\t\t\t\t\t\t<img loading=\"lazy\" decoding=\"async\" width=\"150\" height=\"150\" src=\"https:\/\/www.mirhasperu.org\/web\/wp-content\/uploads\/2024\/08\/minen.png\" class=\"attachment-thumbnail size-thumbnail wp-image-142\" alt=\"\" \/>\t\t\t\t\t\t\t\t<\/a>\n\t\t\t\t\t\t\t\t\t\t\t\t\t\t\t<\/div>\n\t\t\t\t<\/div>\n\t\t\t\t<\/div>\n\t\t<div class=\"elementor-element elementor-element-04207a6 e-con-full e-flex e-con e-child\" data-id=\"04207a6\" data-element_type=\"container\" data-e-type=\"container\">\n\t\t\t\t<div class=\"elementor-element elementor-element-2a86c3d e-transform elementor-invisible elementor-widget elementor-widget-image\" data-id=\"2a86c3d\" data-element_type=\"widget\" data-e-type=\"widget\" data-settings=\"{&quot;_animation&quot;:&quot;zoomIn&quot;,&quot;_transform_scale_effect_hover&quot;:{&quot;unit&quot;:&quot;px&quot;,&quot;size&quot;:1.6,&quot;sizes&quot;:[]},&quot;_transform_scale_effect_hover_tablet&quot;:{&quot;unit&quot;:&quot;px&quot;,&quot;size&quot;:&quot;&quot;,&quot;sizes&quot;:[]},&quot;_transform_scale_effect_hover_mobile&quot;:{&quot;unit&quot;:&quot;px&quot;,&quot;size&quot;:&quot;&quot;,&quot;sizes&quot;:[]}}\" data-widget_type=\"image.default\">\n\t\t\t\t<div class=\"elementor-widget-container\">\n\t\t\t\t\t\t\t\t\t\t\t\t\t\t\t\t<a href=\"https:\/\/energiasinfronteras.org\/\" target=\"_blank\">\n\t\t\t\t\t\t\t<img loading=\"lazy\" decoding=\"async\" width=\"150\" height=\"150\" src=\"https:\/\/www.mirhasperu.org\/web\/wp-content\/uploads\/2024\/08\/thumbnail_Energia-Sin-Fronteras150x150.jpg\" class=\"attachment-thumbnail size-thumbnail wp-image-143\" alt=\"\" \/>\t\t\t\t\t\t\t\t<\/a>\n\t\t\t\t\t\t\t\t\t\t\t\t\t\t\t<\/div>\n\t\t\t\t<\/div>\n\t\t\t\t<\/div>\n\t\t<div class=\"elementor-element elementor-element-0b49bfa e-con-full e-flex e-con e-child\" data-id=\"0b49bfa\" data-element_type=\"container\" data-e-type=\"container\">\n\t\t\t\t<div class=\"elementor-element elementor-element-6d7bfc5 e-transform elementor-invisible elementor-widget elementor-widget-image\" data-id=\"6d7bfc5\" data-element_type=\"widget\" data-e-type=\"widget\" data-settings=\"{&quot;_animation&quot;:&quot;zoomIn&quot;,&quot;_transform_scale_effect_hover&quot;:{&quot;unit&quot;:&quot;px&quot;,&quot;size&quot;:1.6,&quot;sizes&quot;:[]},&quot;_transform_scale_effect_hover_tablet&quot;:{&quot;unit&quot;:&quot;px&quot;,&quot;size&quot;:&quot;&quot;,&quot;sizes&quot;:[]},&quot;_transform_scale_effect_hover_mobile&quot;:{&quot;unit&quot;:&quot;px&quot;,&quot;size&quot;:&quot;&quot;,&quot;sizes&quot;:[]}}\" data-widget_type=\"image.default\">\n\t\t\t\t<div class=\"elementor-widget-container\">\n\t\t\t\t\t\t\t\t\t\t\t\t\t\t\t\t<a href=\"https:\/\/www.gob.pe\/vivienda\" target=\"_blank\">\n\t\t\t\t\t\t\t<img loading=\"lazy\" decoding=\"async\" width=\"150\" height=\"150\" src=\"https:\/\/www.mirhasperu.org\/web\/wp-content\/uploads\/2024\/08\/vivienda.jpg\" class=\"attachment-thumbnail size-thumbnail wp-image-144\" alt=\"\" \/>\t\t\t\t\t\t\t\t<\/a>\n\t\t\t\t\t\t\t\t\t\t\t\t\t\t\t<\/div>\n\t\t\t\t<\/div>\n\t\t\t\t<\/div>\n\t\t\t\t<\/div>\n\t\t\t\t<\/div>\n\t\t","protected":false},"excerpt":{"rendered":"<p>MOVIMIENTO PARA LA REALIZACI\u00d3N DEL H\u00c1BITAT SOCIAL \u2013 MIRHAS PERU. El Movimiento para la Realizaci\u00f3n del H\u00e1bitat Social, es una asociaci\u00f3n civil sin fines de lucro constituida el 14 de setiembre de 1984 y con registro APCI indeterminado, que busca<\/p>\n","protected":false},"author":1,"featured_media":0,"parent":0,"menu_order":0,"comment_status":"closed","ping_status":"closed","template":"","meta":{"footnotes":""},"class_list":["post-10","page","type-page","status-publish","hentry"],"_links":{"self":[{"href":"https:\/\/www.mirhasperu.org\/web\/index.php?rest_route=\/wp\/v2\/pages\/10","targetHints":{"allow":["GET"]}}],"collection":[{"href":"https:\/\/www.mirhasperu.org\/web\/index.php?rest_route=\/wp\/v2\/pages"}],"about":[{"href":"https:\/\/www.mirhasperu.org\/web\/index.php?rest_route=\/wp\/v2\/types\/page"}],"author":[{"embeddable":true,"href":"https:\/\/www.mirhasperu.org\/web\/index.php?rest_route=\/wp\/v2\/users\/1"}],"replies":[{"embeddable":true,"href":"https:\/\/www.mirhasperu.org\/web\/index.php?rest_route=%2Fwp%2Fv2%2Fcomments&post=10"}],"version-history":[{"count":145,"href":"https:\/\/www.mirhasperu.org\/web\/index.php?rest_route=\/wp\/v2\/pages\/10\/revisions"}],"predecessor-version":[{"id":1051,"href":"https:\/\/www.mirhasperu.org\/web\/index.php?rest_route=\/wp\/v2\/pages\/10\/revisions\/1051"}],"wp:attachment":[{"href":"https:\/\/www.mirhasperu.org\/web\/index.php?rest_route=%2Fwp%2Fv2%2Fmedia&parent=10"}],"curies":[{"name":"wp","href":"https:\/\/api.w.org\/{rel}","templated":true}]}}